{"id":1813,"date":"2025-05-10T08:10:48","date_gmt":"2025-05-10T08:10:48","guid":{"rendered":"https:\/\/anitafabisiak.com\/carrito\/"},"modified":"2025-08-13T16:21:50","modified_gmt":"2025-08-13T16:21:50","slug":"carrito","status":"publish","type":"page","link":"https:\/\/anitafabisiak.com\/es\/carrito\/","title":{"rendered":"Carrito"},"content":{"rendered":"<style>.elementor-1813 .elementor-element.elementor-element-d6ea1d6 > .elementor-container{min-height:21vh;}.elementor-1813 .elementor-element.elementor-element-d6ea1d6 > .elementor-background-overlay{opacity:0.2;transition:background 0.3s, border-radius 0.3s, opacity 0.3s;}.elementor-1813 .elementor-element.elementor-element-d6ea1d6{transition:background 0.3s, border 0.3s, border-radius 0.3s, box-shadow 0.3s;}.elementor-1813 .elementor-element.elementor-element-209d7d0 > .elementor-element-populated{margin:0px 0px 0px 0px;--e-column-margin-right:0px;--e-column-margin-left:0px;padding:0px 0px 0px 0px;}.elementor-1813 .elementor-element.elementor-element-3e33ed9 > .elementor-widget-container{margin:170px 0px 0px 0px;padding:0px 0px 0px 0px;}.elementor-1813 .elementor-element.elementor-element-3e33ed9{z-index:2;text-align:center;}.elementor-1813 .elementor-element.elementor-element-3e33ed9:not(.e-transform) > .elementor-widget-container{-moz-transform:rotate(0deg);-webkit-transform:rotate(0deg);-o-transform:rotate(0deg);-ms-transform:rotate(0deg);transform:rotate(0deg);}.elementor-1813 .elementor-element.elementor-element-3e33ed9.e-transform > .elementor-widget-container{--e-transform-rotateZ:0deg;}.elementor-1813 .elementor-element.elementor-element-3e33ed9 .elementor-heading-title{color:#1B2B47;}.elementor-1813 .elementor-element.elementor-element-abab9f6{--display:flex;--flex-direction:column;--container-widget-width:100%;--container-widget-height:initial;--container-widget-flex-grow:0;--container-widget-align-self:initial;--flex-wrap-mobile:wrap;--padding-top:30px;--padding-bottom:30px;--padding-left:0px;--padding-right:0px;}.elementor-1813 .elementor-element.elementor-element-d321ba8{--update-cart-automatically-display:none;}@media(min-width:768px){.elementor-1813 .elementor-element.elementor-element-abab9f6{--content-width:1000px;}}<\/style>\t\t<div data-elementor-type=\"wp-page\" data-elementor-id=\"1813\" class=\"elementor elementor-1813\" data-elementor-post-type=\"page\">\n\t\t\t\t\t\t<section class=\"elementor-section elementor-top-section elementor-element elementor-element-d6ea1d6 elementor-section-full_width elementor-section-height-min-height elementor-section-height-default elementor-section-items-middle\" data-id=\"d6ea1d6\" data-element_type=\"section\" data-settings=\"{&quot;background_background&quot;:&quot;classic&quot;}\">\n\t\t\t\t\t\t\t<div class=\"elementor-background-overlay\"><\/div>\n\t\t\t\t\t\t\t<div class=\"elementor-container elementor-column-gap-default\">\n\t\t\t\t\t<div class=\"elementor-column elementor-col-100 elementor-top-column elementor-element elementor-element-209d7d0\" data-id=\"209d7d0\" data-element_type=\"column\">\n\t\t\t<div class=\"elementor-widget-wrap elementor-element-populated\">\n\t\t\t\t\t\t<div class=\"elementor-element elementor-element-3e33ed9 elementor-widget elementor-widget-heading\" data-id=\"3e33ed9\" data-element_type=\"widget\" data-widget_type=\"heading.default\">\n\t\t\t\t<div class=\"elementor-widget-container\">\n\t\t\t\t\t<h1 class=\"elementor-heading-title elementor-size-default\">Carrito<\/h1>\t\t\t\t<\/div>\n\t\t\t\t<\/div>\n\t\t\t\t\t<\/div>\n\t\t<\/div>\n\t\t\t\t\t<\/div>\n\t\t<\/section>\n\t\t<div class=\"elementor-element elementor-element-abab9f6 e-flex e-con-boxed e-con e-parent\" data-id=\"abab9f6\" data-element_type=\"container\">\n\t\t\t\t\t<div class=\"e-con-inner\">\n\t\t\t\t\t<\/div>\n\t\t\t\t<\/div>\n\t\t\t\t<\/div>","protected":false},"excerpt":{"rendered":"<p>W\u00f3zek Eliminar art\u00edculo Imagen en miniatura Producto Precio Cantidad Subtotal &times; Pakiet 2 &#8211; U\u0142o\u017cenie twojego indywidalnego planu podr\u00f3\u017cy 250,00&nbsp;&euro; Pakiet 2 &#8211; U\u0142o\u017cenie twojego indywidalnego planu podr\u00f3\u017cy cantidad 1.000,00&nbsp;&euro; Zastosuj kupon Ca\u0142kowity Subtotal 1.000,00&nbsp;&euro; Total 1.000,00&nbsp;&euro; (incluye 173,55&nbsp;&euro; IVA estimado para Espa\u00f1a) P\u0142aci\u0107<\/p>","protected":false},"author":1,"featured_media":0,"parent":0,"menu_order":0,"comment_status":"closed","ping_status":"closed","template":"","meta":{"footnotes":""},"class_list":["post-1813","page","type-page","status-publish","hentry"],"yoast_head":"<!-- This site is optimized with the Yoast SEO plugin v25.7 - https:\/\/yoast.com\/wordpress\/plugins\/seo\/ -->\n<title>Carrito - Anita Fabisiak<\/title>\n<meta name=\"robots\" content=\"index, follow, max-snippet:-1, max-image-preview:large, max-video-preview:-1\" \/>\n<link rel=\"canonical\" href=\"https:\/\/anitafabisiak.com\/es\/carrito\/\" \/>\n<meta property=\"og:locale\" content=\"es_ES\" \/>\n<meta property=\"og:type\" content=\"article\" \/>\n<meta property=\"og:title\" content=\"Carrito - Anita Fabisiak\" \/>\n<meta property=\"og:description\" content=\"W\u00f3zek Eliminar art\u00edculo Imagen en miniatura Producto Precio Cantidad Subtotal &times; Pakiet 2 &#8211; U\u0142o\u017cenie twojego indywidalnego planu podr\u00f3\u017cy 250,00&nbsp;&euro; Pakiet 2 &#8211; U\u0142o\u017cenie twojego indywidalnego planu podr\u00f3\u017cy cantidad 1.000,00&nbsp;&euro; Zastosuj kupon Ca\u0142kowity Subtotal 1.000,00&nbsp;&euro; Total 1.000,00&nbsp;&euro; (incluye 173,55&nbsp;&euro; IVA estimado para Espa\u00f1a) P\u0142aci\u0107\" \/>\n<meta property=\"og:url\" content=\"https:\/\/anitafabisiak.com\/es\/carrito\/\" \/>\n<meta property=\"og:site_name\" content=\"Anita Fabisiak\" \/>\n<meta property=\"article:modified_time\" content=\"2025-08-13T16:21:50+00:00\" \/>\n<meta property=\"og:image\" content=\"https:\/\/anitafabisiak.com\/wp-content\/uploads\/woocommerce-placeholder-300x300.png\" \/>\n<meta name=\"twitter:card\" content=\"summary_large_image\" \/>\n<meta name=\"twitter:label1\" content=\"Tiempo de lectura\" \/>\n\t<meta name=\"twitter:data1\" content=\"1 minuto\" \/>\n<script type=\"application\/ld+json\" class=\"yoast-schema-graph\">{\"@context\":\"https:\/\/schema.org\",\"@graph\":[{\"@type\":\"WebPage\",\"@id\":\"https:\/\/anitafabisiak.com\/carrito\/\",\"url\":\"https:\/\/anitafabisiak.com\/carrito\/\",\"name\":\"Carrito - Anita Fabisiak\",\"isPartOf\":{\"@id\":\"https:\/\/anitafabisiak.com\/#website\"},\"primaryImageOfPage\":{\"@id\":\"https:\/\/anitafabisiak.com\/carrito\/#primaryimage\"},\"image\":{\"@id\":\"https:\/\/anitafabisiak.com\/carrito\/#primaryimage\"},\"thumbnailUrl\":\"https:\/\/anitafabisiak.com\/wp-content\/uploads\/woocommerce-placeholder-300x300.png\",\"datePublished\":\"2025-05-10T08:10:48+00:00\",\"dateModified\":\"2025-08-13T16:21:50+00:00\",\"breadcrumb\":{\"@id\":\"https:\/\/anitafabisiak.com\/carrito\/#breadcrumb\"},\"inLanguage\":\"es\",\"potentialAction\":[{\"@type\":\"ReadAction\",\"target\":[\"https:\/\/anitafabisiak.com\/carrito\/\"]}]},{\"@type\":\"ImageObject\",\"inLanguage\":\"es\",\"@id\":\"https:\/\/anitafabisiak.com\/carrito\/#primaryimage\",\"url\":\"https:\/\/anitafabisiak.com\/wp-content\/uploads\/woocommerce-placeholder-300x300.png\",\"contentUrl\":\"https:\/\/anitafabisiak.com\/wp-content\/uploads\/woocommerce-placeholder-300x300.png\"},{\"@type\":\"BreadcrumbList\",\"@id\":\"https:\/\/anitafabisiak.com\/carrito\/#breadcrumb\",\"itemListElement\":[{\"@type\":\"ListItem\",\"position\":1,\"name\":\"Portada\",\"item\":\"https:\/\/anitafabisiak.com\/\"},{\"@type\":\"ListItem\",\"position\":2,\"name\":\"Carrito\"}]},{\"@type\":\"WebSite\",\"@id\":\"https:\/\/anitafabisiak.com\/#website\",\"url\":\"https:\/\/anitafabisiak.com\/\",\"name\":\"Anita Fabisiak\",\"description\":\"Wycieczki po Andaluzji w j\u0119zyku polskim\",\"publisher\":{\"@id\":\"https:\/\/anitafabisiak.com\/#organization\"},\"potentialAction\":[{\"@type\":\"SearchAction\",\"target\":{\"@type\":\"EntryPoint\",\"urlTemplate\":\"https:\/\/anitafabisiak.com\/?s={search_term_string}\"},\"query-input\":{\"@type\":\"PropertyValueSpecification\",\"valueRequired\":true,\"valueName\":\"search_term_string\"}}],\"inLanguage\":\"es\"},{\"@type\":\"Organization\",\"@id\":\"https:\/\/anitafabisiak.com\/#organization\",\"name\":\"Anita Fabisiak\",\"url\":\"https:\/\/anitafabisiak.com\/\",\"logo\":{\"@type\":\"ImageObject\",\"inLanguage\":\"es\",\"@id\":\"https:\/\/anitafabisiak.com\/#\/schema\/logo\/image\/\",\"url\":\"https:\/\/anitafabisiak.com\/wp-content\/uploads\/2025\/05\/Recurso-6@3x.png\",\"contentUrl\":\"https:\/\/anitafabisiak.com\/wp-content\/uploads\/2025\/05\/Recurso-6@3x.png\",\"width\":2084,\"height\":1557,\"caption\":\"Anita Fabisiak\"},\"image\":{\"@id\":\"https:\/\/anitafabisiak.com\/#\/schema\/logo\/image\/\"}}]}<\/script>\n<!-- \/ Yoast SEO plugin. -->","yoast_head_json":{"title":"Carrito - Anita Fabisiak","robots":{"index":"index","follow":"follow","max-snippet":"max-snippet:-1","max-image-preview":"max-image-preview:large","max-video-preview":"max-video-preview:-1"},"canonical":"https:\/\/anitafabisiak.com\/es\/carrito\/","og_locale":"es_ES","og_type":"article","og_title":"Carrito - Anita Fabisiak","og_description":"W\u00f3zek Eliminar art\u00edculo Imagen en miniatura Producto Precio Cantidad Subtotal &times; Pakiet 2 &#8211; U\u0142o\u017cenie twojego indywidalnego planu podr\u00f3\u017cy 250,00&nbsp;&euro; Pakiet 2 &#8211; U\u0142o\u017cenie twojego indywidalnego planu podr\u00f3\u017cy cantidad 1.000,00&nbsp;&euro; Zastosuj kupon Ca\u0142kowity Subtotal 1.000,00&nbsp;&euro; Total 1.000,00&nbsp;&euro; (incluye 173,55&nbsp;&euro; IVA estimado para Espa\u00f1a) P\u0142aci\u0107","og_url":"https:\/\/anitafabisiak.com\/es\/carrito\/","og_site_name":"Anita Fabisiak","article_modified_time":"2025-08-13T16:21:50+00:00","og_image":[{"url":"https:\/\/anitafabisiak.com\/wp-content\/uploads\/woocommerce-placeholder-300x300.png","type":"","width":"","height":""}],"twitter_card":"summary_large_image","twitter_misc":{"Tiempo de lectura":"1 minuto"},"schema":{"@context":"https:\/\/schema.org","@graph":[{"@type":"WebPage","@id":"https:\/\/anitafabisiak.com\/carrito\/","url":"https:\/\/anitafabisiak.com\/carrito\/","name":"Carrito - Anita Fabisiak","isPartOf":{"@id":"https:\/\/anitafabisiak.com\/#website"},"primaryImageOfPage":{"@id":"https:\/\/anitafabisiak.com\/carrito\/#primaryimage"},"image":{"@id":"https:\/\/anitafabisiak.com\/carrito\/#primaryimage"},"thumbnailUrl":"https:\/\/anitafabisiak.com\/wp-content\/uploads\/woocommerce-placeholder-300x300.png","datePublished":"2025-05-10T08:10:48+00:00","dateModified":"2025-08-13T16:21:50+00:00","breadcrumb":{"@id":"https:\/\/anitafabisiak.com\/carrito\/#breadcrumb"},"inLanguage":"es","potentialAction":[{"@type":"ReadAction","target":["https:\/\/anitafabisiak.com\/carrito\/"]}]},{"@type":"ImageObject","inLanguage":"es","@id":"https:\/\/anitafabisiak.com\/carrito\/#primaryimage","url":"https:\/\/anitafabisiak.com\/wp-content\/uploads\/woocommerce-placeholder-300x300.png","contentUrl":"https:\/\/anitafabisiak.com\/wp-content\/uploads\/woocommerce-placeholder-300x300.png"},{"@type":"BreadcrumbList","@id":"https:\/\/anitafabisiak.com\/carrito\/#breadcrumb","itemListElement":[{"@type":"ListItem","position":1,"name":"Portada","item":"https:\/\/anitafabisiak.com\/"},{"@type":"ListItem","position":2,"name":"Carrito"}]},{"@type":"WebSite","@id":"https:\/\/anitafabisiak.com\/#website","url":"https:\/\/anitafabisiak.com\/","name":"Anita Fabisiak","description":"Rutas por Andaluc\u00eda en polaco","publisher":{"@id":"https:\/\/anitafabisiak.com\/#organization"},"potentialAction":[{"@type":"SearchAction","target":{"@type":"EntryPoint","urlTemplate":"https:\/\/anitafabisiak.com\/?s={search_term_string}"},"query-input":{"@type":"PropertyValueSpecification","valueRequired":true,"valueName":"search_term_string"}}],"inLanguage":"es"},{"@type":"Organization","@id":"https:\/\/anitafabisiak.com\/#organization","name":"Anita Fabisiak","url":"https:\/\/anitafabisiak.com\/","logo":{"@type":"ImageObject","inLanguage":"es","@id":"https:\/\/anitafabisiak.com\/#\/schema\/logo\/image\/","url":"https:\/\/anitafabisiak.com\/wp-content\/uploads\/2025\/05\/Recurso-6@3x.png","contentUrl":"https:\/\/anitafabisiak.com\/wp-content\/uploads\/2025\/05\/Recurso-6@3x.png","width":2084,"height":1557,"caption":"Anita Fabisiak"},"image":{"@id":"https:\/\/anitafabisiak.com\/#\/schema\/logo\/image\/"}}]}},"_links":{"self":[{"href":"https:\/\/anitafabisiak.com\/es\/wp-json\/wp\/v2\/pages\/1813","targetHints":{"allow":["GET"]}}],"collection":[{"href":"https:\/\/anitafabisiak.com\/es\/wp-json\/wp\/v2\/pages"}],"about":[{"href":"https:\/\/anitafabisiak.com\/es\/wp-json\/wp\/v2\/types\/page"}],"author":[{"embeddable":true,"href":"https:\/\/anitafabisiak.com\/es\/wp-json\/wp\/v2\/users\/1"}],"replies":[{"embeddable":true,"href":"https:\/\/anitafabisiak.com\/es\/wp-json\/wp\/v2\/comments?post=1813"}],"version-history":[{"count":16,"href":"https:\/\/anitafabisiak.com\/es\/wp-json\/wp\/v2\/pages\/1813\/revisions"}],"predecessor-version":[{"id":3394,"href":"https:\/\/anitafabisiak.com\/es\/wp-json\/wp\/v2\/pages\/1813\/revisions\/3394"}],"wp:attachment":[{"href":"https:\/\/anitafabisiak.com\/es\/wp-json\/wp\/v2\/media?parent=1813"}],"curies":[{"name":"wp","href":"https:\/\/api.w.org\/{rel}","templated":true}]}}