{"id":1353,"date":"2025-05-08T14:45:41","date_gmt":"2025-05-08T14:45:41","guid":{"rendered":"https:\/\/anitafabisiak.com\/?page_id=1353"},"modified":"2025-06-01T04:42:58","modified_gmt":"2025-06-01T04:42:58","slug":"deklaracja-dostepnosci","status":"publish","type":"page","link":"https:\/\/anitafabisiak.com\/es\/deklaracja-dostepnosci\/","title":{"rendered":"Declaraci\u00f3n de accesibilidad"},"content":{"rendered":"<style>.elementor-1353 .elementor-element.elementor-element-e65df27{--display:flex;--flex-direction:column;--container-widget-width:100%;--container-widget-height:initial;--container-widget-flex-grow:0;--container-widget-align-self:initial;--flex-wrap-mobile:wrap;}.elementor-1353 .elementor-element.elementor-element-e0af71a{--display:flex;--flex-direction:column;--container-widget-width:100%;--container-widget-height:initial;--container-widget-flex-grow:0;--container-widget-align-self:initial;--flex-wrap-mobile:wrap;--margin-top:0150px;--margin-bottom:0100px;--margin-left:055px;--margin-right:040px;--padding-top:0px;--padding-bottom:0px;--padding-left:0px;--padding-right:0100px;}.elementor-1353 .elementor-element.elementor-element-ab2f96a > .elementor-widget-container{margin:0px 0px 00px 0px;}<\/style>\t\t<div data-elementor-type=\"wp-page\" data-elementor-id=\"1353\" class=\"elementor elementor-1353\" data-elementor-post-type=\"page\">\n\t\t\t\t<div class=\"elementor-element elementor-element-e65df27 e-flex e-con-boxed e-con e-parent\" data-id=\"e65df27\" data-element_type=\"container\">\n\t\t\t\t\t<div class=\"e-con-inner\">\n\t\t\t\t\t<\/div>\n\t\t\t\t<\/div>\n\t\t<div class=\"elementor-element elementor-element-e0af71a e-flex e-con-boxed e-con e-parent\" data-id=\"e0af71a\" data-element_type=\"container\">\n\t\t\t\t\t<div class=\"e-con-inner\">\n\t\t\t\t<div class=\"elementor-element elementor-element-ab2f96a elementor-widget elementor-widget-heading\" data-id=\"ab2f96a\" data-element_type=\"widget\" data-widget_type=\"heading.default\">\n\t\t\t\t<div class=\"elementor-widget-container\">\n\t\t\t\t\t<h2 class=\"elementor-heading-title elementor-size-default\">Declaraci\u00f3n de accesibilidad<\/h2>\t\t\t\t<\/div>\n\t\t\t\t<\/div>\n\t\t\t\t<div class=\"elementor-element elementor-element-fcc58b5 elementor-widget elementor-widget-text-editor\" data-id=\"fcc58b5\" data-element_type=\"widget\" data-widget_type=\"text-editor.default\">\n\t\t\t\t<div class=\"elementor-widget-container\">\n\t\t\t\t\t\t\t\t\t<p>Anita Fabisiak se ha comprometido a garantizar la accesibilidad de su sitio web de conformidad con la <a href=\"http:\/\/www.boe.es\/diario_boe\/txt.php?id=BOE-A-2018-12699\">Por Real Decreto 1112\/2018, de 7 de septiembre, sobre accesibilidad de los sitios web y aplicaciones m\u00f3viles del sector p\u00fablico.<\/a><br>Esta declaraci\u00f3n de accesibilidad se aplica al sitio <a href=\"https:\/\/anitafabisiak.com\/es\/\">https:\/\/anitafabisiak.com\/<\/a><\/p>\n<p><strong>Estado de cumplimiento<\/strong><br>Este sitio web cumple parcialmente con el Real Decreto 1112\/2018 debido a excepciones e incompatibilidades en los aspectos que se indican a continuaci\u00f3n.<\/p>\n<p><b>Contenido no disponible<br><\/b>El siguiente contenido no est\u00e1 disponible por las siguientes razones:<br>1. Incumplimiento del RD 1112\/2018.<br>o Hay logotipos e im\u00e1genes con texto alternativo incorrecto o enga\u00f1oso e im\u00e1genes compuestas sin descripci\u00f3n textual [requisito 9.1.1.1 Contenido no textual, UNE-EN 301549:2022].<br>o Hay listas creadas incorrectamente (sin etiqueta de lista), tablas con celdas incorrectamente etiquetadas y etiquetas invisibles en elementos de formulario [Requisito n\u00ba 9.1.3.1 Informaci\u00f3n y relaciones, normas UNE-EN 301549:2022].<br>o Hay tablas que no se adaptan a tama\u00f1os de pantalla peque\u00f1os y los campos de los formularios no se muestran correctamente en tama\u00f1os de pantalla peque\u00f1os [Requisito 9.1.4.10 Reorganizaci\u00f3n del texto de la norma UNE-EN 301549:2022].<br>o El texto no se muestra correctamente cuando se modifican el interlineado y la altura [Requisito 9.1.4.12 Interlineado del texto de UNE-EN 301549:2022].<br>o Hay elementos a los que no se puede acceder a trav\u00e9s del teclado, como los enlaces a redes sociales, un editor de texto de comentarios, elementos de ordenaci\u00f3n de los resultados de b\u00fasqueda, paginaci\u00f3n de los resultados de b\u00fasqueda o flechas de calendario [Requisito 9.2.1.1 Teclado de la norma UNE-EN 301549:2022].<br>o Hay elementos que no reciben foco y, por tanto, no se puede interactuar con ellos a trav\u00e9s del teclado, por ejemplo [requisito 9.2.4.3 Secuencia de foco de la norma UNE-EN 301549:2022].<br>o Hay enlaces cuya funci\u00f3n no se ha identificado correctamente (tienen una descripci\u00f3n insuficiente, un texto demasiado general, un t\u00edtulo insuficiente, etc.).<br>[requisito n\u00famero 9.2.4.4 Finalidad de los enlaces, UNE-EN 301549:2022].<br>o Hay encabezamientos con texto repetido y\/o no descriptivo [requisito n\u00famero 9.2.4.6 Encabezamientos y etiquetas, UNE-EN 301549:2022].<br>o Hay im\u00e1genes, infograf\u00edas, texto de enlaces o botones, texto de cabecera y contenidos que no est\u00e1n traducidos a otros idiomas [Requisito 9.3.1.2 Idioma de las partes, UNE-EN 301549:2022].<br>o En algunas p\u00e1ginas, el mismo icono se utiliza para fines distintos, lo que provoca confusi\u00f3n [Requisito 9.3.2.4 Identificaci\u00f3n coherente de la norma UNE-EN 301549:2022].<br>o Hay mensajes de error poco descriptivos o no agrupados en un \u00fanico mensaje, y faltan sugerencias en el formulario sobre c\u00f3mo rellenar correctamente los campos [requisito 9.3.3.1 Identificaci\u00f3n de errores de UNE-EN 301549:2022].<br>o Hay formularios con campos obligatorios de los que no se informa al usuario, as\u00ed como campos que carecen de un ejemplo textual del formato del campo.<br>(como el DNI) [requisito n\u00famero 9.3.3.2 Etiquetas e instrucciones, UNE-EN 301549:2022].<br>o En algunos campos de formulario, se informa de un error cuando se introduce un valor incorrecto, pero no se hace ninguna sugerencia sobre c\u00f3mo corregirlo.<br>[requisito n\u00famero 9.3.3.3 Sugerencias para los errores, UNE-EN 301549:2022].<br>o Algunas p\u00e1ginas contienen errores de sintaxis, por lo que algunos productos de apoyo pueden malinterpretar el contenido (identificadores de p\u00e1gina duplicados, etiquetas sin cerrar, construcci\u00f3n incorrecta de etiquetas, etc.). [requisito n\u00famero 9.4.1.1 Procesamiento, normas UNE-EN 301549:2022].<br>o Existen p\u00e1ginas en las que los productos de asistencia no podr\u00e1n obtener informaci\u00f3n, interactuar o conocer el estado de los controles de la interfaz de usuario, como mensajes de ayuda, mensajes de estado de resultados de acciones, atributos de enlaces, idioma de la p\u00e1gina, imagen, etc., que los lectores de pantalla no pueden leer cuando se muestran [Requisito n\u00ba 9.4.1.2 Nombre, funci\u00f3n, valor de la norma UNE-EN 301549:2022].<br>o En algunos sitios web pueden aparecer ocasionalmente errores de edici\u00f3n.<br>2. carga desproporcionada<br>o No procede.<br>3. el contenido no entra en el \u00e1mbito de aplicaci\u00f3n de la legislaci\u00f3n vigente<br>o Hay archivos de Office en PDF u otros formatos publicados antes del 20 de septiembre de 2018 que no cumplen plenamente todos los requisitos de accesibilidad. Aunque se han realizado esfuerzos para garantizar que la mayor\u00eda cumplan estos requisitos.<\/p>\n<p><strong>Preparaci\u00f3n de esta declaraci\u00f3n de accesibilidad<\/strong><br>La declaraci\u00f3n se hizo el 01.06.2025.<br>El m\u00e9todo preparado para la declaraci\u00f3n fue una autoevaluaci\u00f3n realizada por la propia entidad.<br>\u00daltima revisi\u00f3n de la declaraci\u00f3n: 01.06.2025.<\/p>\n<p><strong>Comentarios y datos de contacto<\/strong><br>Puede aportar informaci\u00f3n sobre requisitos de accesibilidad (art\u00edculo 10.2.a) del Reglamento RD 1112\/2018), tales como:<br>- notificar cualquier posible caso de incumplimiento de las normas de este sitio web<br>- transmitir otras dificultades de acceso a los contenidos<br>- realizar cualquier otra consulta o sugerencia para mejorar la accesibilidad del sitio web<br>A trav\u00e9s de&nbsp;<a href=\"https:\/\/\/es\/anitafabisiak.com\/kontakt\/\" target=\"_blank\" rel=\"noopener\" data-wplink-url-error=\"true\">formulario de contacto<\/a>.<br>Puedes presentarte:<br>- Denuncia relativa al cumplimiento de los requisitos del RD 1112\/2018 o<br>- Solicitud de informaci\u00f3n disponible sobre:<br>o contenido que est\u00e9 excluido del \u00e1mbito de aplicaci\u00f3n del Reglamento RD 1112\/2018 en virtud del art\u00edculo 3, apartado 4.<br>o contenidos que est\u00e1n exentos de los requisitos de accesibilidad porque imponen una carga desproporcionada.<br>En una solicitud de informaci\u00f3n, los hechos, los motivos y la petici\u00f3n deben exponerse claramente para demostrar que la solicitud es razonable y est\u00e1 justificada.<\/p>\n<p><strong>Contenido opcional<\/strong><br>Este sitio web aplica los requisitos de la norma UNE-EN 301549:2022, teniendo en cuenta las excepciones recogidas en el Real Decreto 1112\/2018.<br>La \u00faltima comprobaci\u00f3n de disponibilidad se realiz\u00f3 el 01.06.2025<br>El sitio web est\u00e1 optimizado para Microsoft Internet Explorer 8.0 y superior y las \u00faltimas versiones de Firefox, Safari, Opera y Google Chrome. La resoluci\u00f3n m\u00ednima recomendada del sitio web es de 1280\u00d71024.<br>El sitio web se ha dise\u00f1ado con capacidad de respuesta para que se visualice de forma \u00f3ptima en tabletas y dispositivos m\u00f3viles. En estos dispositivos, est\u00e1 optimizado para mostrarse en las \u00faltimas versiones del navegador Chrome para dispositivos m\u00f3viles, Firefox para dispositivos m\u00f3viles, Safari para dispositivos m\u00f3viles, Opera Mini y el navegador nativo de Android.<\/p>\t\t\t\t\t\t\t\t<\/div>\n\t\t\t\t<\/div>\n\t\t\t\t\t<\/div>\n\t\t\t\t<\/div>\n\t\t\t\t<\/div>","protected":false},"excerpt":{"rendered":"<p>Deklaracja Dost\u0119pno\u015bci Anita Fabisiak zobowi\u0105za\u0142a si\u0119 do zapewnienia dost\u0119pno\u015bci swojej witryny internetowej zgodnie z Dekretem Kr\u00f3lewskim 1112\/2018 z dnia 7 wrze\u015bnia w sprawie dost\u0119pno\u015bci witryn internetowych i aplikacji mobilnych w sektorze publicznym.Niniejsze o\u015bwiadczenie dotycz\u0105ce dost\u0119pno\u015bci ma zastosowanie do witryny https:\/\/anitafabisiak.com\/ Status zgodno\u015bciNiniejsza strona internetowa jest cz\u0119\u015bciowo zgodna z Dekretem Kr\u00f3lewskim 1112\/2018 ze wzgl\u0119du na wyj\u0105tki [&hellip;]<\/p>","protected":false},"author":2,"featured_media":0,"parent":0,"menu_order":0,"comment_status":"closed","ping_status":"closed","template":"","meta":{"footnotes":""},"class_list":["post-1353","page","type-page","status-publish","hentry"],"yoast_head":"<!-- This site is optimized with the Yoast SEO plugin v25.7 - https:\/\/yoast.com\/wordpress\/plugins\/seo\/ -->\n<title>Deklaracja Dost\u0119pno\u015bci - Anita Fabisiak<\/title>\n<meta name=\"robots\" content=\"index, follow, max-snippet:-1, max-image-preview:large, max-video-preview:-1\" \/>\n<link rel=\"canonical\" href=\"https:\/\/anitafabisiak.com\/es\/deklaracja-dostepnosci\/\" \/>\n<meta property=\"og:locale\" content=\"es_ES\" \/>\n<meta property=\"og:type\" content=\"article\" \/>\n<meta property=\"og:title\" content=\"Deklaracja Dost\u0119pno\u015bci - Anita Fabisiak\" \/>\n<meta property=\"og:description\" content=\"Deklaracja Dost\u0119pno\u015bci Anita Fabisiak zobowi\u0105za\u0142a si\u0119 do zapewnienia dost\u0119pno\u015bci swojej witryny internetowej zgodnie z Dekretem Kr\u00f3lewskim 1112\/2018 z dnia 7 wrze\u015bnia w sprawie dost\u0119pno\u015bci witryn internetowych i aplikacji mobilnych w sektorze publicznym.Niniejsze o\u015bwiadczenie dotycz\u0105ce dost\u0119pno\u015bci ma zastosowanie do witryny https:\/\/anitafabisiak.com\/ Status zgodno\u015bciNiniejsza strona internetowa jest cz\u0119\u015bciowo zgodna z Dekretem Kr\u00f3lewskim 1112\/2018 ze wzgl\u0119du na wyj\u0105tki [&hellip;]\" \/>\n<meta property=\"og:url\" content=\"https:\/\/anitafabisiak.com\/es\/deklaracja-dostepnosci\/\" \/>\n<meta property=\"og:site_name\" content=\"Anita Fabisiak\" \/>\n<meta property=\"article:modified_time\" content=\"2025-06-01T04:42:58+00:00\" \/>\n<meta name=\"twitter:card\" content=\"summary_large_image\" \/>\n<meta name=\"twitter:label1\" content=\"Tiempo de lectura\" \/>\n\t<meta name=\"twitter:data1\" content=\"4 minutos\" \/>\n<script type=\"application\/ld+json\" class=\"yoast-schema-graph\">{\"@context\":\"https:\/\/schema.org\",\"@graph\":[{\"@type\":\"WebPage\",\"@id\":\"https:\/\/anitafabisiak.com\/deklaracja-dostepnosci\/\",\"url\":\"https:\/\/anitafabisiak.com\/deklaracja-dostepnosci\/\",\"name\":\"Deklaracja Dost\u0119pno\u015bci - Anita Fabisiak\",\"isPartOf\":{\"@id\":\"https:\/\/anitafabisiak.com\/#website\"},\"datePublished\":\"2025-05-08T14:45:41+00:00\",\"dateModified\":\"2025-06-01T04:42:58+00:00\",\"breadcrumb\":{\"@id\":\"https:\/\/anitafabisiak.com\/deklaracja-dostepnosci\/#breadcrumb\"},\"inLanguage\":\"es\",\"potentialAction\":[{\"@type\":\"ReadAction\",\"target\":[\"https:\/\/anitafabisiak.com\/deklaracja-dostepnosci\/\"]}]},{\"@type\":\"BreadcrumbList\",\"@id\":\"https:\/\/anitafabisiak.com\/deklaracja-dostepnosci\/#breadcrumb\",\"itemListElement\":[{\"@type\":\"ListItem\",\"position\":1,\"name\":\"Portada\",\"item\":\"https:\/\/anitafabisiak.com\/\"},{\"@type\":\"ListItem\",\"position\":2,\"name\":\"Deklaracja Dost\u0119pno\u015bci\"}]},{\"@type\":\"WebSite\",\"@id\":\"https:\/\/anitafabisiak.com\/#website\",\"url\":\"https:\/\/anitafabisiak.com\/\",\"name\":\"Anita Fabisiak\",\"description\":\"Wycieczki po Andaluzji w j\u0119zyku polskim\",\"publisher\":{\"@id\":\"https:\/\/anitafabisiak.com\/#organization\"},\"potentialAction\":[{\"@type\":\"SearchAction\",\"target\":{\"@type\":\"EntryPoint\",\"urlTemplate\":\"https:\/\/anitafabisiak.com\/?s={search_term_string}\"},\"query-input\":{\"@type\":\"PropertyValueSpecification\",\"valueRequired\":true,\"valueName\":\"search_term_string\"}}],\"inLanguage\":\"es\"},{\"@type\":\"Organization\",\"@id\":\"https:\/\/anitafabisiak.com\/#organization\",\"name\":\"Anita Fabisiak\",\"url\":\"https:\/\/anitafabisiak.com\/\",\"logo\":{\"@type\":\"ImageObject\",\"inLanguage\":\"es\",\"@id\":\"https:\/\/anitafabisiak.com\/#\/schema\/logo\/image\/\",\"url\":\"https:\/\/anitafabisiak.com\/wp-content\/uploads\/2025\/05\/Recurso-6@3x.png\",\"contentUrl\":\"https:\/\/anitafabisiak.com\/wp-content\/uploads\/2025\/05\/Recurso-6@3x.png\",\"width\":2084,\"height\":1557,\"caption\":\"Anita Fabisiak\"},\"image\":{\"@id\":\"https:\/\/anitafabisiak.com\/#\/schema\/logo\/image\/\"}}]}<\/script>\n<!-- \/ Yoast SEO plugin. -->","yoast_head_json":{"title":"Deklaracja Dost\u0119pno\u015bci - Anita Fabisiak","robots":{"index":"index","follow":"follow","max-snippet":"max-snippet:-1","max-image-preview":"max-image-preview:large","max-video-preview":"max-video-preview:-1"},"canonical":"https:\/\/anitafabisiak.com\/es\/deklaracja-dostepnosci\/","og_locale":"es_ES","og_type":"article","og_title":"Deklaracja Dost\u0119pno\u015bci - Anita Fabisiak","og_description":"Deklaracja Dost\u0119pno\u015bci Anita Fabisiak zobowi\u0105za\u0142a si\u0119 do zapewnienia dost\u0119pno\u015bci swojej witryny internetowej zgodnie z Dekretem Kr\u00f3lewskim 1112\/2018 z dnia 7 wrze\u015bnia w sprawie dost\u0119pno\u015bci witryn internetowych i aplikacji mobilnych w sektorze publicznym.Niniejsze o\u015bwiadczenie dotycz\u0105ce dost\u0119pno\u015bci ma zastosowanie do witryny https:\/\/anitafabisiak.com\/ Status zgodno\u015bciNiniejsza strona internetowa jest cz\u0119\u015bciowo zgodna z Dekretem Kr\u00f3lewskim 1112\/2018 ze wzgl\u0119du na wyj\u0105tki [&hellip;]","og_url":"https:\/\/anitafabisiak.com\/es\/deklaracja-dostepnosci\/","og_site_name":"Anita Fabisiak","article_modified_time":"2025-06-01T04:42:58+00:00","twitter_card":"summary_large_image","twitter_misc":{"Tiempo de lectura":"4 minutos"},"schema":{"@context":"https:\/\/schema.org","@graph":[{"@type":"WebPage","@id":"https:\/\/anitafabisiak.com\/deklaracja-dostepnosci\/","url":"https:\/\/anitafabisiak.com\/deklaracja-dostepnosci\/","name":"Deklaracja Dost\u0119pno\u015bci - Anita Fabisiak","isPartOf":{"@id":"https:\/\/anitafabisiak.com\/#website"},"datePublished":"2025-05-08T14:45:41+00:00","dateModified":"2025-06-01T04:42:58+00:00","breadcrumb":{"@id":"https:\/\/anitafabisiak.com\/deklaracja-dostepnosci\/#breadcrumb"},"inLanguage":"es","potentialAction":[{"@type":"ReadAction","target":["https:\/\/anitafabisiak.com\/deklaracja-dostepnosci\/"]}]},{"@type":"BreadcrumbList","@id":"https:\/\/anitafabisiak.com\/deklaracja-dostepnosci\/#breadcrumb","itemListElement":[{"@type":"ListItem","position":1,"name":"Portada","item":"https:\/\/anitafabisiak.com\/"},{"@type":"ListItem","position":2,"name":"Deklaracja Dost\u0119pno\u015bci"}]},{"@type":"WebSite","@id":"https:\/\/anitafabisiak.com\/#website","url":"https:\/\/anitafabisiak.com\/","name":"Anita Fabisiak","description":"Rutas por Andaluc\u00eda en polaco","publisher":{"@id":"https:\/\/anitafabisiak.com\/#organization"},"potentialAction":[{"@type":"SearchAction","target":{"@type":"EntryPoint","urlTemplate":"https:\/\/anitafabisiak.com\/?s={search_term_string}"},"query-input":{"@type":"PropertyValueSpecification","valueRequired":true,"valueName":"search_term_string"}}],"inLanguage":"es"},{"@type":"Organization","@id":"https:\/\/anitafabisiak.com\/#organization","name":"Anita Fabisiak","url":"https:\/\/anitafabisiak.com\/","logo":{"@type":"ImageObject","inLanguage":"es","@id":"https:\/\/anitafabisiak.com\/#\/schema\/logo\/image\/","url":"https:\/\/anitafabisiak.com\/wp-content\/uploads\/2025\/05\/Recurso-6@3x.png","contentUrl":"https:\/\/anitafabisiak.com\/wp-content\/uploads\/2025\/05\/Recurso-6@3x.png","width":2084,"height":1557,"caption":"Anita Fabisiak"},"image":{"@id":"https:\/\/anitafabisiak.com\/#\/schema\/logo\/image\/"}}]}},"_links":{"self":[{"href":"https:\/\/anitafabisiak.com\/es\/wp-json\/wp\/v2\/pages\/1353","targetHints":{"allow":["GET"]}}],"collection":[{"href":"https:\/\/anitafabisiak.com\/es\/wp-json\/wp\/v2\/pages"}],"about":[{"href":"https:\/\/anitafabisiak.com\/es\/wp-json\/wp\/v2\/types\/page"}],"author":[{"embeddable":true,"href":"https:\/\/anitafabisiak.com\/es\/wp-json\/wp\/v2\/users\/2"}],"replies":[{"embeddable":true,"href":"https:\/\/anitafabisiak.com\/es\/wp-json\/wp\/v2\/comments?post=1353"}],"version-history":[{"count":35,"href":"https:\/\/anitafabisiak.com\/es\/wp-json\/wp\/v2\/pages\/1353\/revisions"}],"predecessor-version":[{"id":3025,"href":"https:\/\/anitafabisiak.com\/es\/wp-json\/wp\/v2\/pages\/1353\/revisions\/3025"}],"wp:attachment":[{"href":"https:\/\/anitafabisiak.com\/es\/wp-json\/wp\/v2\/media?parent=1353"}],"curies":[{"name":"wp","href":"https:\/\/api.w.org\/{rel}","templated":true}]}}