{"id":1349,"date":"2025-05-08T14:45:00","date_gmt":"2025-05-08T14:45:00","guid":{"rendered":"https:\/\/anitafabisiak.com\/?page_id=1349"},"modified":"2025-05-13T11:44:03","modified_gmt":"2025-05-13T11:44:03","slug":"informacja-prawna","status":"publish","type":"page","link":"https:\/\/anitafabisiak.com\/es\/informacja-prawna\/","title":{"rendered":"Menciones legales"},"content":{"rendered":"<style>.elementor-1349 .elementor-element.elementor-element-7512824{--display:flex;--flex-direction:column;--container-widget-width:100%;--container-widget-height:initial;--container-widget-flex-grow:0;--container-widget-align-self:initial;--flex-wrap-mobile:wrap;}.elementor-1349 .elementor-element.elementor-element-acdb452{--display:flex;--margin-top:150px;--margin-bottom:0100px;--margin-left:055px;--margin-right:040px;--padding-top:0px;--padding-bottom:0px;--padding-left:00px;--padding-right:0100px;}<\/style>\t\t<div data-elementor-type=\"wp-page\" data-elementor-id=\"1349\" class=\"elementor elementor-1349\" data-elementor-post-type=\"page\">\n\t\t\t\t<div class=\"elementor-element elementor-element-7512824 e-flex e-con-boxed e-con e-parent\" data-id=\"7512824\" data-element_type=\"container\">\n\t\t\t\t\t<div class=\"e-con-inner\">\n\t\t\t\t\t<\/div>\n\t\t\t\t<\/div>\n\t\t<div class=\"elementor-element elementor-element-acdb452 e-flex e-con-boxed e-con e-parent\" data-id=\"acdb452\" data-element_type=\"container\">\n\t\t\t\t\t<div class=\"e-con-inner\">\n\t\t\t\t<div class=\"elementor-element elementor-element-d65e9ce elementor-widget elementor-widget-heading\" data-id=\"d65e9ce\" data-element_type=\"widget\" data-widget_type=\"heading.default\">\n\t\t\t\t<div class=\"elementor-widget-container\">\n\t\t\t\t\t<h2 class=\"elementor-heading-title elementor-size-default\">Menciones legales \n<\/h2>\t\t\t\t<\/div>\n\t\t\t\t<\/div>\n\t\t\t\t<div class=\"elementor-element elementor-element-538ce6e elementor-widget elementor-widget-text-editor\" data-id=\"538ce6e\" data-element_type=\"widget\" data-widget_type=\"text-editor.default\">\n\t\t\t\t<div class=\"elementor-widget-container\">\n\t\t\t\t\t\t\t\t\t<p><span style=\"font-weight: 400;\">En cumplimiento del art\u00edculo 10 de la Ley 34\/2002, de 11 de julio, de Servicios de la Sociedad de la Informaci\u00f3n y Comercio Electr\u00f3nico (LSSICE), ANITA FABISIAK, entidad responsable de este sitio web, pone a disposici\u00f3n de los usuarios la presente informaci\u00f3n con el fin de definir las Condiciones de Uso.<\/span><\/p><p><span style=\"font-weight: 400;\">Adem\u00e1s del contenido aqu\u00ed presentado, en las p\u00e1ginas Pol\u00edtica de privacidad y Pol\u00edtica de cookies se tratan cuestiones espec\u00edficas de protecci\u00f3n de datos y privacidad para los usuarios de este sitio web.<\/span><\/p><p><span style=\"font-weight: 400;\">Identidad del responsable del tratamiento<\/span><\/p><ul><li style=\"font-weight: 400;\" aria-level=\"1\"><b>Nombre de la empresa:<\/b><span style=\"font-weight: 400;\"> ANITA FABISIAK<\/span><\/li><li style=\"font-weight: 400;\" aria-level=\"1\"><b>Nombre comercial:<\/b><span style=\"font-weight: 400;\"> ANITA FABISIAK<\/span><\/li><li style=\"font-weight: 400;\" aria-level=\"1\"><b>N\u00famero CIF<\/b><span style=\"font-weight: 400;\">: Y6360533N<\/span><\/li><li style=\"font-weight: 400;\" aria-level=\"1\"><b>Domicilio social<\/b><span style=\"font-weight: 400;\">: C\/ AHMED BEN BASSO, SEVILLA\u00a0<\/span><\/li><li style=\"font-weight: 400;\" aria-level=\"1\"><b>Tel\u00e9fono: <\/b><span style=\"font-weight: 400;\">+34 631 69 24 64<\/span><\/li><li style=\"font-weight: 400;\" aria-level=\"1\"><b>\u00a0Direcci\u00f3n de correo electr\u00f3nico:<\/b><span style=\"font-weight: 400;\"> INFO@ANITAFABISIAK.COM<\/span><\/li><li style=\"font-weight: 400;\" aria-level=\"1\"><b>Nombre de dominio:<\/b><span style=\"font-weight: 400;\"> https:\/\/ANITAFABISIAK.com\/<\/span><\/li><\/ul><p>\u00a0<\/p><p><span style=\"font-weight: 400;\">Registro de tratamiento GDPR: Socios\/proveedores, listas de correo, socios\/empleados, selecci\u00f3n de personal y usuarios de la web.<\/span><\/p><p><b>Finalidad del sitio web<\/b><\/p><p><span style=\"font-weight: 400;\">El objetivo del sitio web, <\/span><b>\"ANITA FABISIAK\"<\/b><span style=\"font-weight: 400;\"> es informar a los clientes sobre sus productos y\/o servicios, datos de contacto, ubicaci\u00f3n, etc. Adem\u00e1s, cuando proceda, tambi\u00e9n tendr\u00e1 por objeto divulgar informaci\u00f3n relacionada con el sector de actividad del administrador.<\/span><\/p><p><b>Marco normativo<\/b><\/p><p><span style=\"font-weight: 400;\">Las actividades de este sitio web est\u00e1n sujetas a la legislaci\u00f3n espa\u00f1ola y europea, en particular a las siguientes normas:<\/span><\/p><ul><li style=\"font-weight: 400;\" aria-level=\"1\"><span style=\"font-weight: 400;\">El Reglamento (UE) 2016\/679 del Parlamento Europeo y del Consejo, de 27 de abril de 2016, relativo a la protecci\u00f3n de las personas f\u00edsicas en lo que respecta al tratamiento de datos personales y a la libre circulaci\u00f3n de estos datos y por el que se deroga la Directiva 95\/46\/CE (Reglamento general de protecci\u00f3n de datos) regula el tratamiento de datos personales en los pa\u00edses de la Uni\u00f3n Europea.<\/span><\/li><li style=\"font-weight: 400;\" aria-level=\"1\"><span style=\"font-weight: 400;\">Ley Org\u00e1nica 3\/2018, de 5 de diciembre, de protecci\u00f3n de datos personales y garant\u00eda de los derechos digitales (LOPD y GDD), ley auton\u00f3mica (vigente en Espa\u00f1a) que define y ampl\u00eda muchos de los conceptos y derechos contenidos en el RODO.\u00a0<\/span><\/li><li style=\"font-weight: 400;\" aria-level=\"1\"><span style=\"font-weight: 400;\">Ley 34\/2002, de 11 de julio, de servicios de la sociedad de la informaci\u00f3n y de comercio electr\u00f3nico (LSSICE), normativa aplicable a los sitios web que de alg\u00fan modo realicen actividades comerciales por medios electr\u00f3nicos, como es el caso de este sitio web.<\/span><\/li><\/ul><p>\u00a0<\/p><p><b>Condiciones de uso y obligaciones<\/b><\/p><p><span style=\"font-weight: 400;\">Toda persona que acceda a este sitio web asume el papel de Usuario, comprometi\u00e9ndose a la observancia y cumplimiento riguroso de las disposiciones aqu\u00ed dispuestas, as\u00ed como a cualquier otra disposici\u00f3n legal que fuera de aplicaci\u00f3n. <\/span><b>\"ANITA FABISIAK\"<\/b><span style=\"font-weight: 400;\"> no se hace responsable de los da\u00f1os y perjuicios sufridos por ella o por terceros derivados de un uso inadecuado de este sitio web por parte del usuario.<\/span><\/p><p><span style=\"font-weight: 400;\">Por tanto, el contenido de este sitio web no debe considerarse en ning\u00fan caso sustitutivo de asesoramiento jur\u00eddico.<\/span><\/p><p><b>\"ANITA FABISIAK\"\u00a0<\/b><span style=\"font-weight: 400;\">se reserva la facultad de efectuar, en cualquier momento y sin necesidad de previo aviso, modificaciones de cualquier tipo que pudieran aparecer en el sitio web, sin que exista obligaci\u00f3n de preavisar o poner en conocimiento de los usuarios dichas obligaciones, entendi\u00e9ndose como suficiente con la publicaci\u00f3n en el presente sitio web.<\/span><\/p><p><span style=\"font-weight: 400;\">Este sitio web ha sido comprobado y probado para garantizar que funciona correctamente y es plenamente operativo. No obstante, <\/span><b>\"ANITA FABISIAK\"<\/b><span style=\"font-weight: 400;\"> no excluye la posibilidad de que existan ciertos errores de programaci\u00f3n, falta de disponibilidad (por ejemplo, fallo o mantenimiento del servidor) o que acontezcan causas de fuerza mayor, cat\u00e1strofes naturales, huelgas, o circunstancias semejantes que hagan imposible el acceso temporal a la p\u00e1gina web. Igualmente, <\/span><b>\"ANITA FABISIAK\"<\/b><span style=\"font-weight: 400;\">\u00a0no puede garantizar el funcionamiento ininterrumpido y totalmente libre de errores de este sitio web, ni se responsabiliza de los virus que tengan su origen en una transmisi\u00f3n telem\u00e1tica infiltrados por terceros generados con la finalidad de obtener resultados negativos para el sistema inform\u00e1tico.<\/span><\/p><p><span style=\"font-weight: 400;\">Usted se compromete a no utilizar este sitio web o, en su caso, los servicios y productos ofrecidos a trav\u00e9s del mismo, para la realizaci\u00f3n de actividades contrarias a la ley, al orden p\u00fablico o a las presentes condiciones de uso. En consecuencia <\/span><b>\"ANITA FABISIAK\"<\/b><span style=\"font-weight: 400;\"> no ser\u00e1 responsable de la informaci\u00f3n y contenidos almacenados, a t\u00edtulo enunciativo pero no limitativo, en foros, chats, generadores de blogs, comentarios, redes sociales o cualesquiera otro medio que permita a terceros publicar contenidos. No obstante, de conformidad con lo dispuesto en el art\u00edculo De conformidad con los art\u00edculos 11 y 16 de la LSSI-CE, <strong><b>\"ANITA FABISIAK\" <\/b><\/strong>se pone a disposici\u00f3n de todos los Usuarios, autoridades y fuerzas de seguridad, colaborando de forma activa en la retirada o en su caso bloqueo de todos aquellos contenidos que pudieran afectar o contravenir la legislaci\u00f3n nacional, o internacional, derechos de terceros o la moral y el orden p\u00fablico. En caso de que un Usuario considere que existe en el sitio web alg\u00fan contenido susceptible de ser considerado infractor, se ruega lo notifique de forma inmediata a nuestro personal.<\/span><\/p><p><b>\"ANITA FABISIAK\"<\/b><span style=\"font-weight: 400;\"> se reserva el derecho a denegar o retirar el acceso al sitio web, sin necesidad de preaviso, a instancia propia o de un tercero, a aquellos usuarios que incumplan nuestras Condiciones de uso.<\/span><\/p><p><b>Propiedad intelectual<\/b><\/p><p><span style=\"font-weight: 400;\">El sitio web, incluyendo a t\u00edtulo enunciativo pero no limitativo su programaci\u00f3n, edici\u00f3n, compilaci\u00f3n y dem\u00e1s elementos necesarios para su funcionamiento, los dise\u00f1os, logotipos, texto y\/o gr\u00e1ficos son propiedad del<\/span><b> \"ANITA FABISIAK\"<\/b><span style=\"font-weight: 400;\"> o, en su caso, han sido objeto de licencia o autorizaci\u00f3n expresa por parte de los autores.<\/span><\/p><p><span style=\"font-weight: 400;\">Todos los contenidos del sitio web se encuentran debidamente protegidos por la normativa de propiedad intelectual e industrial, as\u00ed como inscritos en los registros p\u00fablicos correspondientes. Queda prohibida la reproducci\u00f3n y\/o publicaci\u00f3n, total o parcial, del sitio web, as\u00ed como su tratamiento inform\u00e1tico, su distribuci\u00f3n, su difusi\u00f3n, su modificaci\u00f3n o transformaci\u00f3n, sin el permiso previo y por escrito del sitio web.<\/span><b> \"ANITA FABISIAK\"<\/b><span style=\"font-weight: 400;\"> velar\u00e1 por el cumplimiento de las anteriores condiciones como por la debida utilizaci\u00f3n de los contenidos presentados en sus p\u00e1ginas web, ejercitando todas las acciones civiles y penales que le correspondan en el caso de infracci\u00f3n o incumplimiento de estos derechos por parte del Usuario.<\/span><\/p><p><span style=\"font-weight: 400;\">Todos los dise\u00f1os, logotipos, textos y\/o gr\u00e1ficos que no pertenezcan al <\/span><b>\"ANITA FABISIAK\"<\/b><span style=\"font-weight: 400;\">, que pudieran aparecer en el sitio web, pertenecen a sus titulares, siendo ellos mismos responsables de cualquier posible controversia que pudiera suscitarse respecto a los mismos. En cualquier caso <b>\"ANITA FABISIAK\"<\/b><\/span><span style=\"font-weight: 400;\">\u00a0tiene una autorizaci\u00f3n clara y previa para hacerlo. <\/span><b>\"ANITA FABISIAK\"<\/b><span style=\"font-weight: 400;\"> reconoce a favor de sus titulares los correspondientes derechos de propiedad industrial e intelectual. Su sola menci\u00f3n o aparici\u00f3n en el sitio web no implicar\u00e1 la existencia de derechos o deberes por parte del responsable de los mismos, ni su respaldo, patrocinio o recomendaci\u00f3n.<\/span><\/p><p><b>Enlaces de terceros<\/b><\/p><p><b>\"ANITA FABISIAK\"<\/b><span style=\"font-weight: 400;\"> puede poner a disposici\u00f3n del Usuario enlaces u otros elementos que permiten el acceso a otros sitios web pertenecientes a terceros. No nos dedicamos a la venta de productos y\/o servicios en los sitios enlazados, por lo que no asumimos responsabilidad alguna sobre los mismos, ni por la informaci\u00f3n que contengan, ni por su veracidad o licitud, ni por las consecuencias que de ello se puedan derivar.<\/span><\/p><p><span style=\"font-weight: 400;\">En cualquier caso <\/span><b>\"ANITA FABISIAK\"<\/b><span style=\"font-weight: 400;\"> declara que proceder\u00e1 a la retirada inmediata de cualquier contenido que pudiera contravenir la legislaci\u00f3n nacional o internacional, la moral o el orden p\u00fablico, proceder\u00e1 a la retirada inmediata de la redirecci\u00f3n a dicho sitio web y pondr\u00e1 en conocimiento de las autoridades competentes el contenido en cuesti\u00f3n.<\/span><\/p><p><b>Legislaci\u00f3n y jurisdicci\u00f3n aplicables<\/b><\/p><p><span style=\"font-weight: 400;\">El idioma de redacci\u00f3n e interpretaci\u00f3n de este aviso legal es el polaco.<\/span><\/p><p><span style=\"font-weight: 400;\">Relaciones entre<strong> \"ANITA FABISIAK\"<\/strong> y el Usuario se regir\u00e1n en todos y cada uno de sus extremos por la ley espa\u00f1ola, a la que se someten expresamente ambas partes para cualquier controversia o problema relacionado con el presente sitio web o de las actividades en \u00e9l desarrolladas. Por otro lado, en el caso de que el Usuario tenga su domicilio fuera de Espa\u00f1a, <strong>\"ANITA FABISIAK\"<\/strong> y el usuario, con renuncia expresa a cualquier otro fuero, se someten al de los juzgados y tribunales espa\u00f1oles competentes.<\/span><\/p>\t\t\t\t\t\t\t\t<\/div>\n\t\t\t\t<\/div>\n\t\t\t\t\t<\/div>\n\t\t\t\t<\/div>\n\t\t\t\t<\/div>","protected":false},"excerpt":{"rendered":"<p>Informacja prawna Zgodnie z artyku\u0142em 10 Ustawy 34\/2002 z dnia 11 lipca o us\u0142ugach spo\u0142ecze\u0144stwa informacyjnego i handlu elektronicznym (LSSICE), ANITA FABISIAK, podmiot odpowiedzialny za t\u0119 witryn\u0119 internetow\u0105, udost\u0119pnia u\u017cytkownikom niniejsze informacje w celu zdefiniowania Warunk\u00f3w korzystania. Opr\u00f3cz tre\u015bci przedstawionych tutaj, szczeg\u00f3\u0142owe zagadnienia zwi\u0105zane z ochron\u0105 danych osobowych i prywatno\u015bci\u0105 u\u017cytkownik\u00f3w tej witryny internetowej om\u00f3wione [&hellip;]<\/p>","protected":false},"author":2,"featured_media":0,"parent":0,"menu_order":0,"comment_status":"closed","ping_status":"closed","template":"","meta":{"footnotes":""},"class_list":["post-1349","page","type-page","status-publish","hentry"],"yoast_head":"<!-- This site is optimized with the Yoast SEO plugin v25.7 - https:\/\/yoast.com\/wordpress\/plugins\/seo\/ -->\n<title>Informacja prawna - Anita Fabisiak<\/title>\n<meta name=\"robots\" content=\"index, follow, max-snippet:-1, max-image-preview:large, max-video-preview:-1\" \/>\n<link rel=\"canonical\" href=\"https:\/\/anitafabisiak.com\/es\/informacja-prawna\/\" \/>\n<meta property=\"og:locale\" content=\"es_ES\" \/>\n<meta property=\"og:type\" content=\"article\" \/>\n<meta property=\"og:title\" content=\"Informacja prawna - Anita Fabisiak\" \/>\n<meta property=\"og:description\" content=\"Informacja prawna Zgodnie z artyku\u0142em 10 Ustawy 34\/2002 z dnia 11 lipca o us\u0142ugach spo\u0142ecze\u0144stwa informacyjnego i handlu elektronicznym (LSSICE), ANITA FABISIAK, podmiot odpowiedzialny za t\u0119 witryn\u0119 internetow\u0105, udost\u0119pnia u\u017cytkownikom niniejsze informacje w celu zdefiniowania Warunk\u00f3w korzystania. Opr\u00f3cz tre\u015bci przedstawionych tutaj, szczeg\u00f3\u0142owe zagadnienia zwi\u0105zane z ochron\u0105 danych osobowych i prywatno\u015bci\u0105 u\u017cytkownik\u00f3w tej witryny internetowej om\u00f3wione [&hellip;]\" \/>\n<meta property=\"og:url\" content=\"https:\/\/anitafabisiak.com\/es\/informacja-prawna\/\" \/>\n<meta property=\"og:site_name\" content=\"Anita Fabisiak\" \/>\n<meta property=\"article:modified_time\" content=\"2025-05-13T11:44:03+00:00\" \/>\n<meta name=\"twitter:card\" content=\"summary_large_image\" \/>\n<meta name=\"twitter:label1\" content=\"Tiempo de lectura\" \/>\n\t<meta name=\"twitter:data1\" content=\"6 minutos\" \/>\n<script type=\"application\/ld+json\" class=\"yoast-schema-graph\">{\"@context\":\"https:\/\/schema.org\",\"@graph\":[{\"@type\":\"WebPage\",\"@id\":\"https:\/\/anitafabisiak.com\/informacja-prawna\/\",\"url\":\"https:\/\/anitafabisiak.com\/informacja-prawna\/\",\"name\":\"Informacja prawna - Anita Fabisiak\",\"isPartOf\":{\"@id\":\"https:\/\/anitafabisiak.com\/#website\"},\"datePublished\":\"2025-05-08T14:45:00+00:00\",\"dateModified\":\"2025-05-13T11:44:03+00:00\",\"breadcrumb\":{\"@id\":\"https:\/\/anitafabisiak.com\/informacja-prawna\/#breadcrumb\"},\"inLanguage\":\"es\",\"potentialAction\":[{\"@type\":\"ReadAction\",\"target\":[\"https:\/\/anitafabisiak.com\/informacja-prawna\/\"]}]},{\"@type\":\"BreadcrumbList\",\"@id\":\"https:\/\/anitafabisiak.com\/informacja-prawna\/#breadcrumb\",\"itemListElement\":[{\"@type\":\"ListItem\",\"position\":1,\"name\":\"Portada\",\"item\":\"https:\/\/anitafabisiak.com\/\"},{\"@type\":\"ListItem\",\"position\":2,\"name\":\"Informacja prawna\"}]},{\"@type\":\"WebSite\",\"@id\":\"https:\/\/anitafabisiak.com\/#website\",\"url\":\"https:\/\/anitafabisiak.com\/\",\"name\":\"Anita Fabisiak\",\"description\":\"Wycieczki po Andaluzji w j\u0119zyku polskim\",\"publisher\":{\"@id\":\"https:\/\/anitafabisiak.com\/#organization\"},\"potentialAction\":[{\"@type\":\"SearchAction\",\"target\":{\"@type\":\"EntryPoint\",\"urlTemplate\":\"https:\/\/anitafabisiak.com\/?s={search_term_string}\"},\"query-input\":{\"@type\":\"PropertyValueSpecification\",\"valueRequired\":true,\"valueName\":\"search_term_string\"}}],\"inLanguage\":\"es\"},{\"@type\":\"Organization\",\"@id\":\"https:\/\/anitafabisiak.com\/#organization\",\"name\":\"Anita Fabisiak\",\"url\":\"https:\/\/anitafabisiak.com\/\",\"logo\":{\"@type\":\"ImageObject\",\"inLanguage\":\"es\",\"@id\":\"https:\/\/anitafabisiak.com\/#\/schema\/logo\/image\/\",\"url\":\"https:\/\/anitafabisiak.com\/wp-content\/uploads\/2025\/05\/Recurso-6@3x.png\",\"contentUrl\":\"https:\/\/anitafabisiak.com\/wp-content\/uploads\/2025\/05\/Recurso-6@3x.png\",\"width\":2084,\"height\":1557,\"caption\":\"Anita Fabisiak\"},\"image\":{\"@id\":\"https:\/\/anitafabisiak.com\/#\/schema\/logo\/image\/\"}}]}<\/script>\n<!-- \/ Yoast SEO plugin. -->","yoast_head_json":{"title":"Informacja prawna - Anita Fabisiak","robots":{"index":"index","follow":"follow","max-snippet":"max-snippet:-1","max-image-preview":"max-image-preview:large","max-video-preview":"max-video-preview:-1"},"canonical":"https:\/\/anitafabisiak.com\/es\/informacja-prawna\/","og_locale":"es_ES","og_type":"article","og_title":"Informacja prawna - Anita Fabisiak","og_description":"Informacja prawna Zgodnie z artyku\u0142em 10 Ustawy 34\/2002 z dnia 11 lipca o us\u0142ugach spo\u0142ecze\u0144stwa informacyjnego i handlu elektronicznym (LSSICE), ANITA FABISIAK, podmiot odpowiedzialny za t\u0119 witryn\u0119 internetow\u0105, udost\u0119pnia u\u017cytkownikom niniejsze informacje w celu zdefiniowania Warunk\u00f3w korzystania. Opr\u00f3cz tre\u015bci przedstawionych tutaj, szczeg\u00f3\u0142owe zagadnienia zwi\u0105zane z ochron\u0105 danych osobowych i prywatno\u015bci\u0105 u\u017cytkownik\u00f3w tej witryny internetowej om\u00f3wione [&hellip;]","og_url":"https:\/\/anitafabisiak.com\/es\/informacja-prawna\/","og_site_name":"Anita Fabisiak","article_modified_time":"2025-05-13T11:44:03+00:00","twitter_card":"summary_large_image","twitter_misc":{"Tiempo de lectura":"6 minutos"},"schema":{"@context":"https:\/\/schema.org","@graph":[{"@type":"WebPage","@id":"https:\/\/anitafabisiak.com\/informacja-prawna\/","url":"https:\/\/anitafabisiak.com\/informacja-prawna\/","name":"Informacja prawna - Anita Fabisiak","isPartOf":{"@id":"https:\/\/anitafabisiak.com\/#website"},"datePublished":"2025-05-08T14:45:00+00:00","dateModified":"2025-05-13T11:44:03+00:00","breadcrumb":{"@id":"https:\/\/anitafabisiak.com\/informacja-prawna\/#breadcrumb"},"inLanguage":"es","potentialAction":[{"@type":"ReadAction","target":["https:\/\/anitafabisiak.com\/informacja-prawna\/"]}]},{"@type":"BreadcrumbList","@id":"https:\/\/anitafabisiak.com\/informacja-prawna\/#breadcrumb","itemListElement":[{"@type":"ListItem","position":1,"name":"Portada","item":"https:\/\/anitafabisiak.com\/"},{"@type":"ListItem","position":2,"name":"Informacja prawna"}]},{"@type":"WebSite","@id":"https:\/\/anitafabisiak.com\/#website","url":"https:\/\/anitafabisiak.com\/","name":"Anita Fabisiak","description":"Rutas por Andaluc\u00eda en polaco","publisher":{"@id":"https:\/\/anitafabisiak.com\/#organization"},"potentialAction":[{"@type":"SearchAction","target":{"@type":"EntryPoint","urlTemplate":"https:\/\/anitafabisiak.com\/?s={search_term_string}"},"query-input":{"@type":"PropertyValueSpecification","valueRequired":true,"valueName":"search_term_string"}}],"inLanguage":"es"},{"@type":"Organization","@id":"https:\/\/anitafabisiak.com\/#organization","name":"Anita Fabisiak","url":"https:\/\/anitafabisiak.com\/","logo":{"@type":"ImageObject","inLanguage":"es","@id":"https:\/\/anitafabisiak.com\/#\/schema\/logo\/image\/","url":"https:\/\/anitafabisiak.com\/wp-content\/uploads\/2025\/05\/Recurso-6@3x.png","contentUrl":"https:\/\/anitafabisiak.com\/wp-content\/uploads\/2025\/05\/Recurso-6@3x.png","width":2084,"height":1557,"caption":"Anita Fabisiak"},"image":{"@id":"https:\/\/anitafabisiak.com\/#\/schema\/logo\/image\/"}}]}},"_links":{"self":[{"href":"https:\/\/anitafabisiak.com\/es\/wp-json\/wp\/v2\/pages\/1349","targetHints":{"allow":["GET"]}}],"collection":[{"href":"https:\/\/anitafabisiak.com\/es\/wp-json\/wp\/v2\/pages"}],"about":[{"href":"https:\/\/anitafabisiak.com\/es\/wp-json\/wp\/v2\/types\/page"}],"author":[{"embeddable":true,"href":"https:\/\/anitafabisiak.com\/es\/wp-json\/wp\/v2\/users\/2"}],"replies":[{"embeddable":true,"href":"https:\/\/anitafabisiak.com\/es\/wp-json\/wp\/v2\/comments?post=1349"}],"version-history":[{"count":34,"href":"https:\/\/anitafabisiak.com\/es\/wp-json\/wp\/v2\/pages\/1349\/revisions"}],"predecessor-version":[{"id":2036,"href":"https:\/\/anitafabisiak.com\/es\/wp-json\/wp\/v2\/pages\/1349\/revisions\/2036"}],"wp:attachment":[{"href":"https:\/\/anitafabisiak.com\/es\/wp-json\/wp\/v2\/media?parent=1349"}],"curies":[{"name":"wp","href":"https:\/\/api.w.org\/{rel}","templated":true}]}}