{"id":2494,"date":"2025-05-22T12:49:40","date_gmt":"2025-05-22T12:49:40","guid":{"rendered":"https:\/\/anitafabisiak.com\/?page_id=2494"},"modified":"2025-07-28T13:36:06","modified_gmt":"2025-07-28T13:36:06","slug":"o-mnie","status":"publish","type":"page","link":"https:\/\/anitafabisiak.com\/en\/o-mnie\/","title":{"rendered":"About me"},"content":{"rendered":"<style>.elementor-2494 .elementor-element.elementor-element-23d0e4a > .elementor-container > .elementor-column > .elementor-widget-wrap{align-content:center;align-items:center;}.elementor-2494 .elementor-element.elementor-element-23d0e4a:not(.elementor-motion-effects-element-type-background), .elementor-2494 .elementor-element.elementor-element-23d0e4a > .elementor-motion-effects-container > .elementor-motion-effects-layer{background-image:url(\"https:\/\/anitafabisiak.com\/wp-content\/uploads\/2025\/05\/tours-anita-fabisiak.jpg\");background-repeat:no-repeat;background-size:cover;}.elementor-2494 .elementor-element.elementor-element-23d0e4a > .elementor-background-overlay{background-color:transparent;background-image:linear-gradient(55deg, var( --e-global-color-b244627 ) 54%, #FFFFFF00 100%);opacity:0.9;transition:background 0.3s, border-radius 0.3s, opacity 0.3s;}.elementor-2494 .elementor-element.elementor-element-23d0e4a{transition:background 0.3s, border 0.3s, border-radius 0.3s, box-shadow 0.3s;margin-top:0px;margin-bottom:0px;padding:200px 0px 150px 0px;}.elementor-bc-flex-widget .elementor-2494 .elementor-element.elementor-element-9ab9d8a.elementor-column .elementor-widget-wrap{align-items:center;}.elementor-2494 .elementor-element.elementor-element-9ab9d8a.elementor-column.elementor-element[data-element_type=\"column\"] > .elementor-widget-wrap.elementor-element-populated{align-content:center;align-items:center;}.elementor-2494 .elementor-element.elementor-element-14ec05d{--display:flex;--flex-direction:row;--container-widget-width:initial;--container-widget-height:100%;--container-widget-flex-grow:1;--container-widget-align-self:stretch;--flex-wrap-mobile:wrap;}.elementor-2494 .elementor-element.elementor-element-9a820f5{--display:flex;}.elementor-2494 .elementor-element.elementor-element-a9d3e4c > .elementor-widget-container{margin:0px 0px 0px 0px;padding:0px 0px 0px 0px;}.elementor-2494 .elementor-element.elementor-element-a9d3e4c{z-index:2;text-align:left;}.elementor-2494 .elementor-element.elementor-element-a9d3e4c:not(.e-transform) > .elementor-widget-container{-moz-transform:rotate(0deg);-webkit-transform:rotate(0deg);-o-transform:rotate(0deg);-ms-transform:rotate(0deg);transform:rotate(0deg);}.elementor-2494 .elementor-element.elementor-element-a9d3e4c.e-transform > .elementor-widget-container{--e-transform-rotateZ:0deg;}.elementor-2494 .elementor-element.elementor-element-a9d3e4c .elementor-heading-title{color:var( --e-global-color-primary );}.elementor-2494 .elementor-element.elementor-element-84ddb0e > .elementor-widget-container{margin:0px 0px 10px 0px;}.elementor-2494 .elementor-element.elementor-element-84ddb0e{text-align:left;}.elementor-2494 .elementor-element.elementor-element-84ddb0e .elementor-heading-title{font-family:var( --e-global-typography-69638c5-font-family ), Sans-serif;font-size:var( --e-global-typography-69638c5-font-size );font-weight:var( --e-global-typography-69638c5-font-weight );letter-spacing:var( --e-global-typography-69638c5-letter-spacing );color:var( --e-global-color-accent );}.elementor-2494 .elementor-element.elementor-element-6bcec6a{--display:flex;--justify-content:center;}.elementor-2494 .elementor-element.elementor-element-8277293 > .elementor-widget-container{background-image:url(\"https:\/\/anitafabisiak.com\/wp-content\/uploads\/2025\/05\/icotrav011.png\");background-position:center center;background-repeat:no-repeat;background-size:71% auto;}.elementor-2494 .elementor-element.elementor-element-8277293:hover .elementor-widget-container{background-image:url(\"https:\/\/anitafabisiak.com\/wp-content\/uploads\/2025\/04\/icotrav09.png\");}.elementor-2494 .elementor-element.elementor-element-8277293:not( .elementor-widget-image ) .elementor-widget-container, .elementor-2494 .elementor-element.elementor-element-8277293.elementor-widget-image .elementor-widget-container img{-webkit-mask-image:url( https:\/\/anitafabisiak.com\/wp-content\/uploads\/2025\/04\/onetravho10.png );-webkit-mask-size:contain;-webkit-mask-position:center center;-webkit-mask-repeat:no-repeat;}.elementor-2494 .elementor-element.elementor-element-8277293 img{width:89%;}.elementor-2494 .elementor-element.elementor-element-7a2353e{--display:flex;--flex-direction:row;--container-widget-width:initial;--container-widget-height:100%;--container-widget-flex-grow:1;--container-widget-align-self:stretch;--flex-wrap-mobile:wrap;--margin-top:-35px;--margin-bottom:0px;--margin-left:0px;--margin-right:0px;}.elementor-2494 .elementor-element.elementor-element-9079727{--display:flex;}.elementor-2494 .elementor-element.elementor-element-8b18e47 > .elementor-widget-container{margin:0px 0px 10px 0px;}.elementor-2494 .elementor-element.elementor-element-8b18e47{text-align:left;}.elementor-2494 .elementor-element.elementor-element-8b18e47 .elementor-heading-title{font-family:var( --e-global-typography-69638c5-font-family ), Sans-serif;font-size:var( --e-global-typography-69638c5-font-size );font-weight:var( --e-global-typography-69638c5-font-weight );letter-spacing:var( --e-global-typography-69638c5-letter-spacing );color:var( --e-global-color-primary );}.elementor-2494 .elementor-element.elementor-element-eda123f .jeg-elementor-kit.jkit-button .jkit-button-wrapper{background-color:var( --e-global-color-primary );width:52%;padding:15px 0px 15px 0px;font-family:\"Poppins\", Sans-serif;font-size:12px;letter-spacing:1.5px;color:var( --e-global-color-b244627 );}.elementor-2494 .elementor-element.elementor-element-eda123f .jeg-elementor-kit.jkit-button .jkit-button-wrapper:not(.hover-gradient):hover, .elementor-2494 .elementor-element.elementor-element-eda123f .jeg-elementor-kit.jkit-button .jkit-button-wrapper.hover-gradient:before{background-color:var( --e-global-color-accent );}.elementor-2494 .elementor-element.elementor-element-eda123f > .elementor-widget-container{margin:0px 0px 0px 0px;}.elementor-2494 .elementor-element.elementor-element-eda123f .jeg-elementor-kit.jkit-button{text-align:left;}.elementor-2494 .elementor-element.elementor-element-eda123f .jeg-elementor-kit.jkit-button .jkit-button-wrapper svg{fill:var( --e-global-color-b244627 );width:17px;}.elementor-2494 .elementor-element.elementor-element-eda123f .jeg-elementor-kit.jkit-button .jkit-button-wrapper:hover{color:var( --e-global-color-b244627 );}.elementor-2494 .elementor-element.elementor-element-eda123f .jeg-elementor-kit.jkit-button .jkit-button-wrapper:hover svg{fill:var( --e-global-color-b244627 );}.elementor-2494 .elementor-element.elementor-element-eda123f .jeg-elementor-kit.jkit-button .jkit-button-wrapper i{font-size:17px;}.elementor-2494 .elementor-element.elementor-element-eda123f .jeg-elementor-kit.jkit-button.icon-position-before .jkit-button-wrapper i, .elementor-2494 .elementor-element.elementor-element-eda123f .jeg-elementor-kit.jkit-button.icon-position-before .jkit-button-wrapper svg{margin-right:1%;}.elementor-2494 .elementor-element.elementor-element-eda123f .jeg-elementor-kit.jkit-button.icon-position-after .jkit-button-wrapper i, .elementor-2494 .elementor-element.elementor-element-eda123f .jeg-elementor-kit.jkit-button.icon-position-after .jkit-button-wrapper svg{margin-left:1%;}@media(max-width:1366px){.elementor-2494 .elementor-element.elementor-element-84ddb0e .elementor-heading-title{font-size:var( --e-global-typography-69638c5-font-size );letter-spacing:var( --e-global-typography-69638c5-letter-spacing );}.elementor-2494 .elementor-element.elementor-element-8b18e47 .elementor-heading-title{font-size:var( --e-global-typography-69638c5-font-size );letter-spacing:var( --e-global-typography-69638c5-letter-spacing );}}@media(max-width:1024px){.elementor-2494 .elementor-element.elementor-element-23d0e4a{padding:150px 0px 50px 0px;}.elementor-2494 .elementor-element.elementor-element-9ab9d8a > .elementor-element-populated{margin:0px 0px 0px 20px;--e-column-margin-right:0px;--e-column-margin-left:20px;}.elementor-2494 .elementor-element.elementor-element-84ddb0e .elementor-heading-title{font-size:var( --e-global-typography-69638c5-font-size );letter-spacing:var( --e-global-typography-69638c5-letter-spacing );}.elementor-2494 .elementor-element.elementor-element-8b18e47 .elementor-heading-title{font-size:var( --e-global-typography-69638c5-font-size );letter-spacing:var( --e-global-typography-69638c5-letter-spacing );}.elementor-2494 .elementor-element.elementor-element-eda123f .jeg-elementor-kit.jkit-button .jkit-button-wrapper{width:211px;}}@media(max-width:767px){.elementor-2494 .elementor-element.elementor-element-23d0e4a{margin-top:0px;margin-bottom:0px;padding:100px 0px 50px 0px;}.elementor-2494 .elementor-element.elementor-element-9ab9d8a > .elementor-element-populated{margin:0px 0px 0px 0px;--e-column-margin-right:0px;--e-column-margin-left:0px;}.elementor-2494 .elementor-element.elementor-element-84ddb0e .elementor-heading-title{font-size:var( --e-global-typography-69638c5-font-size );letter-spacing:var( --e-global-typography-69638c5-letter-spacing );}.elementor-2494 .elementor-element.elementor-element-8277293 img{width:100%;}.elementor-2494 .elementor-element.elementor-element-7a2353e{--margin-top:0px;--margin-bottom:0px;--margin-left:0px;--margin-right:0px;}.elementor-2494 .elementor-element.elementor-element-8b18e47 .elementor-heading-title{font-size:var( --e-global-typography-69638c5-font-size );letter-spacing:var( --e-global-typography-69638c5-letter-spacing );}.elementor-2494 .elementor-element.elementor-element-eda123f .jeg-elementor-kit.jkit-button .jkit-button-wrapper{width:273px;}}<\/style>\t\t<div data-elementor-type=\"wp-page\" data-elementor-id=\"2494\" class=\"elementor elementor-2494\" data-elementor-post-type=\"page\">\n\t\t\t\t\t\t<section class=\"elementor-section elementor-top-section elementor-element elementor-element-23d0e4a elementor-section-content-middle elementor-reverse-mobile elementor-section-boxed elementor-section-height-default elementor-section-height-default\" data-id=\"23d0e4a\" data-element_type=\"section\" data-settings=\"{&quot;background_background&quot;:&quot;classic&quot;}\">\n\t\t\t\t\t\t\t<div class=\"elementor-background-overlay\"><\/div>\n\t\t\t\t\t\t\t<div class=\"elementor-container elementor-column-gap-default\">\n\t\t\t\t\t<div class=\"elementor-column elementor-col-100 elementor-top-column elementor-element elementor-element-9ab9d8a\" data-id=\"9ab9d8a\" data-element_type=\"column\">\n\t\t\t<div class=\"elementor-widget-wrap elementor-element-populated\">\n\t\t\t\t<div class=\"elementor-element elementor-element-14ec05d e-flex e-con-boxed e-con e-parent\" data-id=\"14ec05d\" data-element_type=\"container\">\n\t\t\t\t\t<div class=\"e-con-inner\">\n\t\t<div class=\"elementor-element elementor-element-9a820f5 e-con-full e-flex e-con e-child\" data-id=\"9a820f5\" data-element_type=\"container\">\n\t\t\t\t<div class=\"elementor-element elementor-element-a9d3e4c elementor-widget elementor-widget-heading\" data-id=\"a9d3e4c\" data-element_type=\"widget\" data-widget_type=\"heading.default\">\n\t\t\t\t<div class=\"elementor-widget-container\">\n\t\t\t\t\t<h1 class=\"elementor-heading-title elementor-size-default\">Anita Fabisiak<\/h1>\t\t\t\t<\/div>\n\t\t\t\t<\/div>\n\t\t\t\t<div class=\"elementor-element elementor-element-84ddb0e elementor-widget elementor-widget-heading\" data-id=\"84ddb0e\" data-element_type=\"widget\" data-widget_type=\"heading.default\">\n\t\t\t\t<div class=\"elementor-widget-container\">\n\t\t\t\t\t<p class=\"elementor-heading-title elementor-size-default\">Licensed guide in Andalusia <\/p>\t\t\t\t<\/div>\n\t\t\t\t<\/div>\n\t\t\t\t<div class=\"elementor-element elementor-element-eb9fbdb elementor-widget elementor-widget-text-editor\" data-id=\"eb9fbdb\" data-element_type=\"widget\" data-widget_type=\"text-editor.default\">\n\t\t\t\t<div class=\"elementor-widget-container\">\n\t\t\t\t\t\t\t\t\t<p>I have always dreamt of travelling far away and showing the world to others. I turned these desires into a concrete career path, graduating in Foreign Languages in Tourism and English Philology with Spanish at the University of Opole. Full of hope and eagerness for adventure, I went to the United States for an internship after graduation, and then to Spain... and stayed there.<\/p><p>I have been living in Spain since 2017. I have obtained a tourist guide's licence from the Andalusia Authority and have been working as a city guide and tour leader for several years. For me, every tour and trip is not only a job, but most of all a sharing of tardias, culture and exchange of ideas with tourists from all over the world.<\/p><p>Over time, I have realised that I am not just a guide - I am a translator of cultures. I connect people, places, languages and stories. Andalusia is an exotic that requires understanding, sensitivity and context. I help both individual visitors and groups to discover the region with the same attentiveness and passion.<\/p>\t\t\t\t\t\t\t\t<\/div>\n\t\t\t\t<\/div>\n\t\t\t\t<\/div>\n\t\t<div class=\"elementor-element elementor-element-6bcec6a e-con-full e-flex e-con e-child\" data-id=\"6bcec6a\" data-element_type=\"container\">\n\t\t\t\t<div class=\"elementor-element elementor-element-8277293 elementor-widget elementor-widget-image\" data-id=\"8277293\" data-element_type=\"widget\" data-widget_type=\"image.default\">\n\t\t\t\t<div class=\"elementor-widget-container\">\n\t\t\t\t\t\t\t\t\t\t\t\t\t\t\t<img fetchpriority=\"high\" decoding=\"async\" width=\"1000\" height=\"1000\" src=\"https:\/\/anitafabisiak.com\/wp-content\/uploads\/2025\/07\/anita-fabisiak.jpg\" class=\"attachment-full size-full wp-image-3143\" alt=\"anita fabisiak\" srcset=\"https:\/\/anitafabisiak.com\/wp-content\/uploads\/2025\/07\/anita-fabisiak.jpg 1000w, https:\/\/anitafabisiak.com\/wp-content\/uploads\/2025\/07\/anita-fabisiak-300x300.jpg 300w, https:\/\/anitafabisiak.com\/wp-content\/uploads\/2025\/07\/anita-fabisiak-150x150.jpg 150w, https:\/\/anitafabisiak.com\/wp-content\/uploads\/2025\/07\/anita-fabisiak-768x768.jpg 768w, https:\/\/anitafabisiak.com\/wp-content\/uploads\/2025\/07\/anita-fabisiak-12x12.jpg 12w, https:\/\/anitafabisiak.com\/wp-content\/uploads\/2025\/07\/anita-fabisiak-600x600.jpg 600w, https:\/\/anitafabisiak.com\/wp-content\/uploads\/2025\/07\/anita-fabisiak-100x100.jpg 100w\" sizes=\"(max-width: 1000px) 100vw, 1000px\" \/>\t\t\t\t\t\t\t\t\t\t\t\t\t\t\t<\/div>\n\t\t\t\t<\/div>\n\t\t\t\t<\/div>\n\t\t\t\t\t<\/div>\n\t\t\t\t<\/div>\n\t\t<div class=\"elementor-element elementor-element-7a2353e e-flex e-con-boxed e-con e-parent\" data-id=\"7a2353e\" data-element_type=\"container\">\n\t\t\t\t\t<div class=\"e-con-inner\">\n\t\t<div class=\"elementor-element elementor-element-9079727 e-con-full e-flex e-con e-child\" data-id=\"9079727\" data-element_type=\"container\">\n\t\t\t\t<div class=\"elementor-element elementor-element-c5bcec6 elementor-widget elementor-widget-text-editor\" data-id=\"c5bcec6\" data-element_type=\"widget\" data-widget_type=\"text-editor.default\">\n\t\t\t\t<div class=\"elementor-widget-container\">\n\t\t\t\t\t\t\t\t\t<p>I am also fascinated by finding the similarities and differences between Spain and South America - in the music, the language, the customs. Sometimes I get the feeling that they are two sisters separated by the ocean, but still dancing to the same beat.<\/p><p>It is this rhythm - shared, though expressed in different ways - that I try to capture in my work. Because being a guide is not only about the story of places, but above all about what connects them to the human being who looks, listens and begins to understand.<\/p><p>I love people - it's from them that I get my energy. And when I need a moment to myself, I get on my yoga mat, dance bachata or take a walk on the beach. I also like to stop in a cosy cafe, look for that one perfect one, and just watch the world go by.<\/p><p>\u00a0I'm looking and looking and here the phone rings, it's your tour request \ud83d\ude0a<\/p><p>Then let's go...!<\/p><p>If you want to feel Andalusia for real - you are invited. I will show it to you with heart, rhythm and a smile, and sometimes even with a biting comment.<\/p>\t\t\t\t\t\t\t\t<\/div>\n\t\t\t\t<\/div>\n\t\t\t\t<div class=\"elementor-element elementor-element-8b18e47 elementor-widget elementor-widget-heading\" data-id=\"8b18e47\" data-element_type=\"widget\" data-widget_type=\"heading.default\">\n\t\t\t\t<div class=\"elementor-widget-container\">\n\t\t\t\t\t<p class=\"elementor-heading-title elementor-size-default\">How about South America one day...?<\/p>\t\t\t\t<\/div>\n\t\t\t\t<\/div>\n\t\t\t\t<div class=\"elementor-element elementor-element-eda123f elementor-widget elementor-widget-jkit_button\" data-id=\"eda123f\" data-element_type=\"widget\" data-widget_type=\"jkit_button.default\">\n\t\t\t\t<div class=\"elementor-widget-container\">\n\t\t\t\t\t<div  class=\"jeg-elementor-kit jkit-button  icon-position-after jeg_module___69e1e8451ab57\" ><a href=\"\/en\/KONTAKT\/\" class=\"jkit-button-wrapper\">CONTACT ME NOW<i aria-hidden=\"true\" class=\"jki jki-arrow-right-solid\"><\/i><\/a><\/div>\t\t\t\t<\/div>\n\t\t\t\t<\/div>\n\t\t\t\t<\/div>\n\t\t\t\t\t<\/div>\n\t\t\t\t<\/div>\n\t\t\t\t\t<\/div>\n\t\t<\/div>\n\t\t\t\t\t<\/div>\n\t\t<\/section>\n\t\t\t\t<\/div>","protected":false},"excerpt":{"rendered":"<p>Anita Fabisiak Licencjonowana przewodniczka po Andaluzji Od zawsze marzy\u0142am o dalekich podr\u00f3\u017cach i pokazywaniu \u015bwiata innym. Te pragnienia przeku\u0142am w konkretn\u0105 \u015bcie\u017ck\u0119 zawodow\u0105, ko\u0144cz\u0105c J\u0119zyki Obce w Turystyce oraz Filologi\u0119 angielsk\u0105 z j\u0119zykiem hiszpa\u0144skim na Uniwersytecie w Opolu. Pe\u0142na nadzieji i rz\u0105dna przyg\u00f3d zaraz po studiach wyjecha\u0142am na praktyki do Stan\u00f3w Zjednoczonych, a p\u00f3\u017aniej do [&hellip;]<\/p>","protected":false},"author":2,"featured_media":0,"parent":0,"menu_order":0,"comment_status":"closed","ping_status":"closed","template":"","meta":{"footnotes":""},"class_list":["post-2494","page","type-page","status-publish","hentry"],"yoast_head":"<!-- This site is optimized with the Yoast SEO plugin v25.7 - https:\/\/yoast.com\/wordpress\/plugins\/seo\/ -->\n<title>Przewodnik po Andaluzji - Anita Fabisiak<\/title>\n<meta name=\"description\" content=\"Przewodnik po Andaluzji\" \/>\n<meta name=\"robots\" content=\"index, follow, max-snippet:-1, max-image-preview:large, max-video-preview:-1\" \/>\n<link rel=\"canonical\" href=\"https:\/\/anitafabisiak.com\/en\/o-mnie\/\" \/>\n<meta property=\"og:locale\" content=\"en_GB\" \/>\n<meta property=\"og:type\" content=\"article\" \/>\n<meta property=\"og:title\" content=\"Przewodnik po Andaluzji - Anita Fabisiak\" \/>\n<meta property=\"og:description\" content=\"Przewodnik po Andaluzji\" \/>\n<meta property=\"og:url\" content=\"https:\/\/anitafabisiak.com\/en\/o-mnie\/\" \/>\n<meta property=\"og:site_name\" content=\"Anita Fabisiak\" \/>\n<meta property=\"article:modified_time\" content=\"2025-07-28T13:36:06+00:00\" \/>\n<meta property=\"og:image\" content=\"https:\/\/anitafabisiak.com\/wp-content\/uploads\/2025\/07\/anita-fabisiak.jpg\" \/>\n\t<meta property=\"og:image:width\" content=\"1000\" \/>\n\t<meta property=\"og:image:height\" content=\"1000\" \/>\n\t<meta property=\"og:image:type\" content=\"image\/jpeg\" \/>\n<meta name=\"twitter:card\" content=\"summary_large_image\" \/>\n<meta name=\"twitter:label1\" content=\"Estimated reading time\" \/>\n\t<meta name=\"twitter:data1\" content=\"2 minutes\" \/>\n<script type=\"application\/ld+json\" class=\"yoast-schema-graph\">{\"@context\":\"https:\/\/schema.org\",\"@graph\":[{\"@type\":\"WebPage\",\"@id\":\"https:\/\/anitafabisiak.com\/o-mnie\/\",\"url\":\"https:\/\/anitafabisiak.com\/o-mnie\/\",\"name\":\"Przewodnik po Andaluzji - Anita Fabisiak\",\"isPartOf\":{\"@id\":\"https:\/\/anitafabisiak.com\/#website\"},\"primaryImageOfPage\":{\"@id\":\"https:\/\/anitafabisiak.com\/o-mnie\/#primaryimage\"},\"image\":{\"@id\":\"https:\/\/anitafabisiak.com\/o-mnie\/#primaryimage\"},\"thumbnailUrl\":\"https:\/\/anitafabisiak.com\/wp-content\/uploads\/2025\/07\/anita-fabisiak.jpg\",\"datePublished\":\"2025-05-22T12:49:40+00:00\",\"dateModified\":\"2025-07-28T13:36:06+00:00\",\"description\":\"Przewodnik po Andaluzji\",\"breadcrumb\":{\"@id\":\"https:\/\/anitafabisiak.com\/o-mnie\/#breadcrumb\"},\"inLanguage\":\"en-GB\",\"potentialAction\":[{\"@type\":\"ReadAction\",\"target\":[\"https:\/\/anitafabisiak.com\/o-mnie\/\"]}]},{\"@type\":\"ImageObject\",\"inLanguage\":\"en-GB\",\"@id\":\"https:\/\/anitafabisiak.com\/o-mnie\/#primaryimage\",\"url\":\"https:\/\/anitafabisiak.com\/wp-content\/uploads\/2025\/07\/anita-fabisiak.jpg\",\"contentUrl\":\"https:\/\/anitafabisiak.com\/wp-content\/uploads\/2025\/07\/anita-fabisiak.jpg\"},{\"@type\":\"BreadcrumbList\",\"@id\":\"https:\/\/anitafabisiak.com\/o-mnie\/#breadcrumb\",\"itemListElement\":[{\"@type\":\"ListItem\",\"position\":1,\"name\":\"Portada\",\"item\":\"https:\/\/anitafabisiak.com\/\"},{\"@type\":\"ListItem\",\"position\":2,\"name\":\"O mnie\"}]},{\"@type\":\"WebSite\",\"@id\":\"https:\/\/anitafabisiak.com\/#website\",\"url\":\"https:\/\/anitafabisiak.com\/\",\"name\":\"Anita Fabisiak\",\"description\":\"Wycieczki po Andaluzji w j\u0119zyku polskim\",\"publisher\":{\"@id\":\"https:\/\/anitafabisiak.com\/#organization\"},\"potentialAction\":[{\"@type\":\"SearchAction\",\"target\":{\"@type\":\"EntryPoint\",\"urlTemplate\":\"https:\/\/anitafabisiak.com\/?s={search_term_string}\"},\"query-input\":{\"@type\":\"PropertyValueSpecification\",\"valueRequired\":true,\"valueName\":\"search_term_string\"}}],\"inLanguage\":\"en-GB\"},{\"@type\":\"Organization\",\"@id\":\"https:\/\/anitafabisiak.com\/#organization\",\"name\":\"Anita Fabisiak\",\"url\":\"https:\/\/anitafabisiak.com\/\",\"logo\":{\"@type\":\"ImageObject\",\"inLanguage\":\"en-GB\",\"@id\":\"https:\/\/anitafabisiak.com\/#\/schema\/logo\/image\/\",\"url\":\"https:\/\/anitafabisiak.com\/wp-content\/uploads\/2025\/05\/Recurso-6@3x.png\",\"contentUrl\":\"https:\/\/anitafabisiak.com\/wp-content\/uploads\/2025\/05\/Recurso-6@3x.png\",\"width\":2084,\"height\":1557,\"caption\":\"Anita Fabisiak\"},\"image\":{\"@id\":\"https:\/\/anitafabisiak.com\/#\/schema\/logo\/image\/\"}}]}<\/script>\n<!-- \/ Yoast SEO plugin. -->","yoast_head_json":{"title":"Przewodnik po Andaluzji - Anita Fabisiak","description":"Przewodnik po Andaluzji","robots":{"index":"index","follow":"follow","max-snippet":"max-snippet:-1","max-image-preview":"max-image-preview:large","max-video-preview":"max-video-preview:-1"},"canonical":"https:\/\/anitafabisiak.com\/en\/o-mnie\/","og_locale":"en_GB","og_type":"article","og_title":"Przewodnik po Andaluzji - Anita Fabisiak","og_description":"Przewodnik po Andaluzji","og_url":"https:\/\/anitafabisiak.com\/en\/o-mnie\/","og_site_name":"Anita Fabisiak","article_modified_time":"2025-07-28T13:36:06+00:00","og_image":[{"width":1000,"height":1000,"url":"https:\/\/anitafabisiak.com\/wp-content\/uploads\/2025\/07\/anita-fabisiak.jpg","type":"image\/jpeg"}],"twitter_card":"summary_large_image","twitter_misc":{"Estimated reading time":"2 minutes"},"schema":{"@context":"https:\/\/schema.org","@graph":[{"@type":"WebPage","@id":"https:\/\/anitafabisiak.com\/o-mnie\/","url":"https:\/\/anitafabisiak.com\/o-mnie\/","name":"Przewodnik po Andaluzji - Anita Fabisiak","isPartOf":{"@id":"https:\/\/anitafabisiak.com\/#website"},"primaryImageOfPage":{"@id":"https:\/\/anitafabisiak.com\/o-mnie\/#primaryimage"},"image":{"@id":"https:\/\/anitafabisiak.com\/o-mnie\/#primaryimage"},"thumbnailUrl":"https:\/\/anitafabisiak.com\/wp-content\/uploads\/2025\/07\/anita-fabisiak.jpg","datePublished":"2025-05-22T12:49:40+00:00","dateModified":"2025-07-28T13:36:06+00:00","description":"Przewodnik po Andaluzji","breadcrumb":{"@id":"https:\/\/anitafabisiak.com\/o-mnie\/#breadcrumb"},"inLanguage":"en-GB","potentialAction":[{"@type":"ReadAction","target":["https:\/\/anitafabisiak.com\/o-mnie\/"]}]},{"@type":"ImageObject","inLanguage":"en-GB","@id":"https:\/\/anitafabisiak.com\/o-mnie\/#primaryimage","url":"https:\/\/anitafabisiak.com\/wp-content\/uploads\/2025\/07\/anita-fabisiak.jpg","contentUrl":"https:\/\/anitafabisiak.com\/wp-content\/uploads\/2025\/07\/anita-fabisiak.jpg"},{"@type":"BreadcrumbList","@id":"https:\/\/anitafabisiak.com\/o-mnie\/#breadcrumb","itemListElement":[{"@type":"ListItem","position":1,"name":"Portada","item":"https:\/\/anitafabisiak.com\/"},{"@type":"ListItem","position":2,"name":"O mnie"}]},{"@type":"WebSite","@id":"https:\/\/anitafabisiak.com\/#website","url":"https:\/\/anitafabisiak.com\/","name":"Anita Fabisiak","description":"Tours of Andalusia in Polish","publisher":{"@id":"https:\/\/anitafabisiak.com\/#organization"},"potentialAction":[{"@type":"SearchAction","target":{"@type":"EntryPoint","urlTemplate":"https:\/\/anitafabisiak.com\/?s={search_term_string}"},"query-input":{"@type":"PropertyValueSpecification","valueRequired":true,"valueName":"search_term_string"}}],"inLanguage":"en-GB"},{"@type":"Organization","@id":"https:\/\/anitafabisiak.com\/#organization","name":"Anita Fabisiak","url":"https:\/\/anitafabisiak.com\/","logo":{"@type":"ImageObject","inLanguage":"en-GB","@id":"https:\/\/anitafabisiak.com\/#\/schema\/logo\/image\/","url":"https:\/\/anitafabisiak.com\/wp-content\/uploads\/2025\/05\/Recurso-6@3x.png","contentUrl":"https:\/\/anitafabisiak.com\/wp-content\/uploads\/2025\/05\/Recurso-6@3x.png","width":2084,"height":1557,"caption":"Anita Fabisiak"},"image":{"@id":"https:\/\/anitafabisiak.com\/#\/schema\/logo\/image\/"}}]}},"_links":{"self":[{"href":"https:\/\/anitafabisiak.com\/en\/wp-json\/wp\/v2\/pages\/2494","targetHints":{"allow":["GET"]}}],"collection":[{"href":"https:\/\/anitafabisiak.com\/en\/wp-json\/wp\/v2\/pages"}],"about":[{"href":"https:\/\/anitafabisiak.com\/en\/wp-json\/wp\/v2\/types\/page"}],"author":[{"embeddable":true,"href":"https:\/\/anitafabisiak.com\/en\/wp-json\/wp\/v2\/users\/2"}],"replies":[{"embeddable":true,"href":"https:\/\/anitafabisiak.com\/en\/wp-json\/wp\/v2\/comments?post=2494"}],"version-history":[{"count":97,"href":"https:\/\/anitafabisiak.com\/en\/wp-json\/wp\/v2\/pages\/2494\/revisions"}],"predecessor-version":[{"id":3152,"href":"https:\/\/anitafabisiak.com\/en\/wp-json\/wp\/v2\/pages\/2494\/revisions\/3152"}],"wp:attachment":[{"href":"https:\/\/anitafabisiak.com\/en\/wp-json\/wp\/v2\/media?parent=2494"}],"curies":[{"name":"wp","href":"https:\/\/api.w.org\/{rel}","templated":true}]}}