{"id":1353,"date":"2025-05-08T14:45:41","date_gmt":"2025-05-08T14:45:41","guid":{"rendered":"https:\/\/anitafabisiak.com\/?page_id=1353"},"modified":"2025-06-01T04:42:58","modified_gmt":"2025-06-01T04:42:58","slug":"deklaracja-dostepnosci","status":"publish","type":"page","link":"https:\/\/anitafabisiak.com\/en\/deklaracja-dostepnosci\/","title":{"rendered":"Declaration of Accessibility"},"content":{"rendered":"<style>.elementor-1353 .elementor-element.elementor-element-e65df27{--display:flex;--flex-direction:column;--container-widget-width:100%;--container-widget-height:initial;--container-widget-flex-grow:0;--container-widget-align-self:initial;--flex-wrap-mobile:wrap;}.elementor-1353 .elementor-element.elementor-element-e0af71a{--display:flex;--flex-direction:column;--container-widget-width:100%;--container-widget-height:initial;--container-widget-flex-grow:0;--container-widget-align-self:initial;--flex-wrap-mobile:wrap;--margin-top:0150px;--margin-bottom:0100px;--margin-left:055px;--margin-right:040px;--padding-top:0px;--padding-bottom:0px;--padding-left:0px;--padding-right:0100px;}.elementor-1353 .elementor-element.elementor-element-ab2f96a > .elementor-widget-container{margin:0px 0px 00px 0px;}<\/style>\t\t<div data-elementor-type=\"wp-page\" data-elementor-id=\"1353\" class=\"elementor elementor-1353\" data-elementor-post-type=\"page\">\n\t\t\t\t<div class=\"elementor-element elementor-element-e65df27 e-flex e-con-boxed e-con e-parent\" data-id=\"e65df27\" data-element_type=\"container\">\n\t\t\t\t\t<div class=\"e-con-inner\">\n\t\t\t\t\t<\/div>\n\t\t\t\t<\/div>\n\t\t<div class=\"elementor-element elementor-element-e0af71a e-flex e-con-boxed e-con e-parent\" data-id=\"e0af71a\" data-element_type=\"container\">\n\t\t\t\t\t<div class=\"e-con-inner\">\n\t\t\t\t<div class=\"elementor-element elementor-element-ab2f96a elementor-widget elementor-widget-heading\" data-id=\"ab2f96a\" data-element_type=\"widget\" data-widget_type=\"heading.default\">\n\t\t\t\t<div class=\"elementor-widget-container\">\n\t\t\t\t\t<h2 class=\"elementor-heading-title elementor-size-default\">Declaration of Accessibility<\/h2>\t\t\t\t<\/div>\n\t\t\t\t<\/div>\n\t\t\t\t<div class=\"elementor-element elementor-element-fcc58b5 elementor-widget elementor-widget-text-editor\" data-id=\"fcc58b5\" data-element_type=\"widget\" data-widget_type=\"text-editor.default\">\n\t\t\t\t<div class=\"elementor-widget-container\">\n\t\t\t\t\t\t\t\t\t<p>Anita Fabisiak has undertaken to ensure the accessibility of its website in accordance with the <a href=\"http:\/\/www.boe.es\/diario_boe\/txt.php?id=BOE-A-2018-12699\">By Royal Decree 1112\/2018 of 7 September on the accessibility of websites and mobile applications in the public sector.<\/a><br>This accessibility statement applies to the site <a href=\"https:\/\/anitafabisiak.com\/en\/\">https:\/\/anitafabisiak.com\/<\/a><\/p>\n<p><strong>Compliance status<\/strong><br>This website partially complies with Royal Decree 1112\/2018 due to exceptions and incompatibilities in the aspects indicated below.<\/p>\n<p><b>Content not available<br><\/b>The following content is not available for the following reasons:<br>1. non-compliance with RD 1112\/2018<br>o There are logos and images with incorrect or misleading alternative text and composite images without textual description [requirement 9.1.1.1 Non-textual content, UNE-EN 301549:2022].<br>o There are incorrectly created lists (no list label), tables with incorrectly labelled cells and invisible labels in form elements [Requirement No. 9.1.3.1 Information and relationships, UNE-EN 301549:2022 standards].<br>o There are tables that are not adapted to small screen sizes and form fields are not displayed correctly on small screen sizes [Requirement 9.1.4.10 Re-arranging text of UNE-EN 301549:2022].<br>o Text is not displayed correctly when line spacing and height are changed [Requirement 9.1.4.12 Text spacing of UNE-EN 301549:2022].<br>o There are elements that cannot be accessed via the keyboard, such as links to social networks, a comment text editor, sorting elements for search results, pagination of search results or calendar arrows [Requirement 9.2.1.1 Keyboarding of UNE-EN 301549:2022].<br>o There are elements that do not receive focus and therefore cannot be interacted with via the keyboard, for example [requirement 9.2.4.3 Focus sequence of UNE-EN 301549:2022].<br>o There are links whose function has not been correctly identified (they have insufficient description, too general text, insufficient title, etc.).<br>[requirement number 9.2.4.4 Purpose of links, UNE-EN 301549:2022].<br>o There are headings with repeated and\/or non-descriptive text [requirement number 9.2.4.6 Headings and labels, UNE-EN 301549:2022].<br>o There are images, infographics, link or button text, header text and content that are not translated into other languages [Requirement 9.3.1.2 Language of parts, UNE-EN 301549:2022].<br>o On some pages, the same icon is used for different purposes, causing confusion [Requirement 9.3.2.4 Consistent identification of UNE-EN 301549:2022].<br>o There are error messages that are not very descriptive or are not grouped into a single message, and there is a lack of suggestions in the form on how to fill in the fields correctly [requirement 9.3.3.1 Identification of errors of UNE-EN 301549:2022].<br>o There are forms with required fields that the user is not informed about, as well as fields that lack a textual example of the field format.<br>(such as DNI) [requirement number 9.3.3.2 Labels and instructions, UNE-EN 301549:2022].<br>o For some form fields, an error is reported when an incorrect value is entered, but no suggestion is made on how to correct it.<br>[requirement number 9.3.3.3 Suggestions for errors, UNE-EN 301549:2022].<br>o Some pages contain syntax errors, so that some assistive products may misinterpret the content (duplicate page identifiers, unclosed tags, incorrect tag construction, etc.). [requirement number 9.4.1.1 Processing, UNE-EN 301549:2022 standards].<br>o There are pages where assistive products will not be able to obtain information, interact or be aware of the state of user interface controls, such as help messages, action result status messages, link attributes, page language, image, etc., which screen readers cannot read when displayed [Requirement No. 9.4.1.2 Name, function, value of UNE-EN 301549:2022].<br>o Editing errors may occasionally appear on some websites.<br>2. disproportionate burden<br>o Not applicable.<br>3. the content does not fall within the scope of current legislation<br>o There are Office files in PDF or other formats published before 20 September 2018 that do not fully meet all accessibility requirements. Although efforts have been made to ensure that most meet these requirements.<\/p>\n<p><strong>Preparation of this accessibility statement<\/strong><br>The statement was made on 01.06.2025.<br>The method prepared for the declaration was a self-assessment carried out by the entity itself.<br>Last revision of the declaration: 01.06.2025.<\/p>\n<p><strong>Comments and contact details<\/strong><br>You can provide information on accessibility requirements (Article 10.2.a) of Regulation RD 1112\/2018), such as:<br>- report any potential cases of non-compliance with the rules on this website<br>- convey other difficulties in accessing content<br>- make any other enquiries or suggestions for improving the accessibility of the website<br>Through the following&nbsp;<a href=\"https:\/\/\/en\/anitafabisiak.com\/kontakt\/\" target=\"_blank\" rel=\"noopener\" data-wplink-url-error=\"true\">contact form<\/a>.<br>You can present:<br>- Complaint regarding compliance with the requirements of RD 1112\/2018 or<br>- Available Request for Information on:<br>or content that is excluded from the scope of Regulation RD 1112\/2018 pursuant to Article 3, paragraph 4<br>or content that is exempt from accessibility requirements because it imposes a disproportionate burden.<br>In a Request for Information, the facts, reasons and request must be clearly stated to show that the request is justified and well-founded.<\/p>\n<p><strong>Optional content<\/strong><br>This website applies the requirements of UNE-EN 301549:2022, taking into account the exceptions contained in Royal Decree 1112\/2018.<br>The last availability check was carried out on 01.06.2025<br>The website is optimised for Microsoft Internet Explorer 8.0 and above and the latest versions of Firefox, Safari, Opera and Google Chrome. The minimum recommended resolution of the website is 1280\u00d71024.<br>The website has been responsively designed so that it displays optimally on tablets and mobile devices. On these devices, it is optimised to display in the latest versions of the Chrome browser for mobile devices, Firefox for mobile devices, Safari for mobile devices, Opera Mini and the native Android browser.<\/p>\t\t\t\t\t\t\t\t<\/div>\n\t\t\t\t<\/div>\n\t\t\t\t\t<\/div>\n\t\t\t\t<\/div>\n\t\t\t\t<\/div>","protected":false},"excerpt":{"rendered":"<p>Deklaracja Dost\u0119pno\u015bci Anita Fabisiak zobowi\u0105za\u0142a si\u0119 do zapewnienia dost\u0119pno\u015bci swojej witryny internetowej zgodnie z Dekretem Kr\u00f3lewskim 1112\/2018 z dnia 7 wrze\u015bnia w sprawie dost\u0119pno\u015bci witryn internetowych i aplikacji mobilnych w sektorze publicznym.Niniejsze o\u015bwiadczenie dotycz\u0105ce dost\u0119pno\u015bci ma zastosowanie do witryny https:\/\/anitafabisiak.com\/ Status zgodno\u015bciNiniejsza strona internetowa jest cz\u0119\u015bciowo zgodna z Dekretem Kr\u00f3lewskim 1112\/2018 ze wzgl\u0119du na wyj\u0105tki [&hellip;]<\/p>","protected":false},"author":2,"featured_media":0,"parent":0,"menu_order":0,"comment_status":"closed","ping_status":"closed","template":"","meta":{"footnotes":""},"class_list":["post-1353","page","type-page","status-publish","hentry"],"yoast_head":"<!-- This site is optimized with the Yoast SEO plugin v25.7 - https:\/\/yoast.com\/wordpress\/plugins\/seo\/ -->\n<title>Deklaracja Dost\u0119pno\u015bci - Anita Fabisiak<\/title>\n<meta name=\"robots\" content=\"index, follow, max-snippet:-1, max-image-preview:large, max-video-preview:-1\" \/>\n<link rel=\"canonical\" href=\"https:\/\/anitafabisiak.com\/en\/deklaracja-dostepnosci\/\" \/>\n<meta property=\"og:locale\" content=\"en_GB\" \/>\n<meta property=\"og:type\" content=\"article\" \/>\n<meta property=\"og:title\" content=\"Deklaracja Dost\u0119pno\u015bci - Anita Fabisiak\" \/>\n<meta property=\"og:description\" content=\"Deklaracja Dost\u0119pno\u015bci Anita Fabisiak zobowi\u0105za\u0142a si\u0119 do zapewnienia dost\u0119pno\u015bci swojej witryny internetowej zgodnie z Dekretem Kr\u00f3lewskim 1112\/2018 z dnia 7 wrze\u015bnia w sprawie dost\u0119pno\u015bci witryn internetowych i aplikacji mobilnych w sektorze publicznym.Niniejsze o\u015bwiadczenie dotycz\u0105ce dost\u0119pno\u015bci ma zastosowanie do witryny https:\/\/anitafabisiak.com\/ Status zgodno\u015bciNiniejsza strona internetowa jest cz\u0119\u015bciowo zgodna z Dekretem Kr\u00f3lewskim 1112\/2018 ze wzgl\u0119du na wyj\u0105tki [&hellip;]\" \/>\n<meta property=\"og:url\" content=\"https:\/\/anitafabisiak.com\/en\/deklaracja-dostepnosci\/\" \/>\n<meta property=\"og:site_name\" content=\"Anita Fabisiak\" \/>\n<meta property=\"article:modified_time\" content=\"2025-06-01T04:42:58+00:00\" \/>\n<meta name=\"twitter:card\" content=\"summary_large_image\" \/>\n<meta name=\"twitter:label1\" content=\"Estimated reading time\" \/>\n\t<meta name=\"twitter:data1\" content=\"4 minutes\" \/>\n<script type=\"application\/ld+json\" class=\"yoast-schema-graph\">{\"@context\":\"https:\/\/schema.org\",\"@graph\":[{\"@type\":\"WebPage\",\"@id\":\"https:\/\/anitafabisiak.com\/deklaracja-dostepnosci\/\",\"url\":\"https:\/\/anitafabisiak.com\/deklaracja-dostepnosci\/\",\"name\":\"Deklaracja Dost\u0119pno\u015bci - Anita Fabisiak\",\"isPartOf\":{\"@id\":\"https:\/\/anitafabisiak.com\/#website\"},\"datePublished\":\"2025-05-08T14:45:41+00:00\",\"dateModified\":\"2025-06-01T04:42:58+00:00\",\"breadcrumb\":{\"@id\":\"https:\/\/anitafabisiak.com\/deklaracja-dostepnosci\/#breadcrumb\"},\"inLanguage\":\"en-GB\",\"potentialAction\":[{\"@type\":\"ReadAction\",\"target\":[\"https:\/\/anitafabisiak.com\/deklaracja-dostepnosci\/\"]}]},{\"@type\":\"BreadcrumbList\",\"@id\":\"https:\/\/anitafabisiak.com\/deklaracja-dostepnosci\/#breadcrumb\",\"itemListElement\":[{\"@type\":\"ListItem\",\"position\":1,\"name\":\"Portada\",\"item\":\"https:\/\/anitafabisiak.com\/\"},{\"@type\":\"ListItem\",\"position\":2,\"name\":\"Deklaracja Dost\u0119pno\u015bci\"}]},{\"@type\":\"WebSite\",\"@id\":\"https:\/\/anitafabisiak.com\/#website\",\"url\":\"https:\/\/anitafabisiak.com\/\",\"name\":\"Anita Fabisiak\",\"description\":\"Wycieczki po Andaluzji w j\u0119zyku polskim\",\"publisher\":{\"@id\":\"https:\/\/anitafabisiak.com\/#organization\"},\"potentialAction\":[{\"@type\":\"SearchAction\",\"target\":{\"@type\":\"EntryPoint\",\"urlTemplate\":\"https:\/\/anitafabisiak.com\/?s={search_term_string}\"},\"query-input\":{\"@type\":\"PropertyValueSpecification\",\"valueRequired\":true,\"valueName\":\"search_term_string\"}}],\"inLanguage\":\"en-GB\"},{\"@type\":\"Organization\",\"@id\":\"https:\/\/anitafabisiak.com\/#organization\",\"name\":\"Anita Fabisiak\",\"url\":\"https:\/\/anitafabisiak.com\/\",\"logo\":{\"@type\":\"ImageObject\",\"inLanguage\":\"en-GB\",\"@id\":\"https:\/\/anitafabisiak.com\/#\/schema\/logo\/image\/\",\"url\":\"https:\/\/anitafabisiak.com\/wp-content\/uploads\/2025\/05\/Recurso-6@3x.png\",\"contentUrl\":\"https:\/\/anitafabisiak.com\/wp-content\/uploads\/2025\/05\/Recurso-6@3x.png\",\"width\":2084,\"height\":1557,\"caption\":\"Anita Fabisiak\"},\"image\":{\"@id\":\"https:\/\/anitafabisiak.com\/#\/schema\/logo\/image\/\"}}]}<\/script>\n<!-- \/ Yoast SEO plugin. -->","yoast_head_json":{"title":"Deklaracja Dost\u0119pno\u015bci - Anita Fabisiak","robots":{"index":"index","follow":"follow","max-snippet":"max-snippet:-1","max-image-preview":"max-image-preview:large","max-video-preview":"max-video-preview:-1"},"canonical":"https:\/\/anitafabisiak.com\/en\/deklaracja-dostepnosci\/","og_locale":"en_GB","og_type":"article","og_title":"Deklaracja Dost\u0119pno\u015bci - Anita Fabisiak","og_description":"Deklaracja Dost\u0119pno\u015bci Anita Fabisiak zobowi\u0105za\u0142a si\u0119 do zapewnienia dost\u0119pno\u015bci swojej witryny internetowej zgodnie z Dekretem Kr\u00f3lewskim 1112\/2018 z dnia 7 wrze\u015bnia w sprawie dost\u0119pno\u015bci witryn internetowych i aplikacji mobilnych w sektorze publicznym.Niniejsze o\u015bwiadczenie dotycz\u0105ce dost\u0119pno\u015bci ma zastosowanie do witryny https:\/\/anitafabisiak.com\/ Status zgodno\u015bciNiniejsza strona internetowa jest cz\u0119\u015bciowo zgodna z Dekretem Kr\u00f3lewskim 1112\/2018 ze wzgl\u0119du na wyj\u0105tki [&hellip;]","og_url":"https:\/\/anitafabisiak.com\/en\/deklaracja-dostepnosci\/","og_site_name":"Anita Fabisiak","article_modified_time":"2025-06-01T04:42:58+00:00","twitter_card":"summary_large_image","twitter_misc":{"Estimated reading time":"4 minutes"},"schema":{"@context":"https:\/\/schema.org","@graph":[{"@type":"WebPage","@id":"https:\/\/anitafabisiak.com\/deklaracja-dostepnosci\/","url":"https:\/\/anitafabisiak.com\/deklaracja-dostepnosci\/","name":"Deklaracja Dost\u0119pno\u015bci - Anita Fabisiak","isPartOf":{"@id":"https:\/\/anitafabisiak.com\/#website"},"datePublished":"2025-05-08T14:45:41+00:00","dateModified":"2025-06-01T04:42:58+00:00","breadcrumb":{"@id":"https:\/\/anitafabisiak.com\/deklaracja-dostepnosci\/#breadcrumb"},"inLanguage":"en-GB","potentialAction":[{"@type":"ReadAction","target":["https:\/\/anitafabisiak.com\/deklaracja-dostepnosci\/"]}]},{"@type":"BreadcrumbList","@id":"https:\/\/anitafabisiak.com\/deklaracja-dostepnosci\/#breadcrumb","itemListElement":[{"@type":"ListItem","position":1,"name":"Portada","item":"https:\/\/anitafabisiak.com\/"},{"@type":"ListItem","position":2,"name":"Deklaracja Dost\u0119pno\u015bci"}]},{"@type":"WebSite","@id":"https:\/\/anitafabisiak.com\/#website","url":"https:\/\/anitafabisiak.com\/","name":"Anita Fabisiak","description":"Tours of Andalusia in Polish","publisher":{"@id":"https:\/\/anitafabisiak.com\/#organization"},"potentialAction":[{"@type":"SearchAction","target":{"@type":"EntryPoint","urlTemplate":"https:\/\/anitafabisiak.com\/?s={search_term_string}"},"query-input":{"@type":"PropertyValueSpecification","valueRequired":true,"valueName":"search_term_string"}}],"inLanguage":"en-GB"},{"@type":"Organization","@id":"https:\/\/anitafabisiak.com\/#organization","name":"Anita Fabisiak","url":"https:\/\/anitafabisiak.com\/","logo":{"@type":"ImageObject","inLanguage":"en-GB","@id":"https:\/\/anitafabisiak.com\/#\/schema\/logo\/image\/","url":"https:\/\/anitafabisiak.com\/wp-content\/uploads\/2025\/05\/Recurso-6@3x.png","contentUrl":"https:\/\/anitafabisiak.com\/wp-content\/uploads\/2025\/05\/Recurso-6@3x.png","width":2084,"height":1557,"caption":"Anita Fabisiak"},"image":{"@id":"https:\/\/anitafabisiak.com\/#\/schema\/logo\/image\/"}}]}},"_links":{"self":[{"href":"https:\/\/anitafabisiak.com\/en\/wp-json\/wp\/v2\/pages\/1353","targetHints":{"allow":["GET"]}}],"collection":[{"href":"https:\/\/anitafabisiak.com\/en\/wp-json\/wp\/v2\/pages"}],"about":[{"href":"https:\/\/anitafabisiak.com\/en\/wp-json\/wp\/v2\/types\/page"}],"author":[{"embeddable":true,"href":"https:\/\/anitafabisiak.com\/en\/wp-json\/wp\/v2\/users\/2"}],"replies":[{"embeddable":true,"href":"https:\/\/anitafabisiak.com\/en\/wp-json\/wp\/v2\/comments?post=1353"}],"version-history":[{"count":35,"href":"https:\/\/anitafabisiak.com\/en\/wp-json\/wp\/v2\/pages\/1353\/revisions"}],"predecessor-version":[{"id":3025,"href":"https:\/\/anitafabisiak.com\/en\/wp-json\/wp\/v2\/pages\/1353\/revisions\/3025"}],"wp:attachment":[{"href":"https:\/\/anitafabisiak.com\/en\/wp-json\/wp\/v2\/media?parent=1353"}],"curies":[{"name":"wp","href":"https:\/\/api.w.org\/{rel}","templated":true}]}}