{"id":1351,"date":"2025-05-08T14:45:17","date_gmt":"2025-05-08T14:45:17","guid":{"rendered":"https:\/\/anitafabisiak.com\/?page_id=1351"},"modified":"2025-05-13T11:49:00","modified_gmt":"2025-05-13T11:49:00","slug":"polityka-prywatnosci","status":"publish","type":"page","link":"https:\/\/anitafabisiak.com\/en\/polityka-prywatnosci\/","title":{"rendered":"Privacy policy"},"content":{"rendered":"<style>.elementor-1351 .elementor-element.elementor-element-9166ffe{--display:flex;--flex-direction:column;--container-widget-width:100%;--container-widget-height:initial;--container-widget-flex-grow:0;--container-widget-align-self:initial;--flex-wrap-mobile:wrap;}.elementor-1351 .elementor-element.elementor-element-80212b7{--display:flex;--margin-top:0150px;--margin-bottom:0100px;--margin-left:055px;--margin-right:0px;--padding-top:0px;--padding-bottom:0px;--padding-left:0px;--padding-right:0100px;}<\/style>\t\t<div data-elementor-type=\"wp-page\" data-elementor-id=\"1351\" class=\"elementor elementor-1351\" data-elementor-post-type=\"page\">\n\t\t\t\t<div class=\"elementor-element elementor-element-9166ffe e-flex e-con-boxed e-con e-parent\" data-id=\"9166ffe\" data-element_type=\"container\">\n\t\t\t\t\t<div class=\"e-con-inner\">\n\t\t\t\t\t<\/div>\n\t\t\t\t<\/div>\n\t\t<div class=\"elementor-element elementor-element-80212b7 e-flex e-con-boxed e-con e-parent\" data-id=\"80212b7\" data-element_type=\"container\">\n\t\t\t\t\t<div class=\"e-con-inner\">\n\t\t\t\t<div class=\"elementor-element elementor-element-7b34187 elementor-widget elementor-widget-heading\" data-id=\"7b34187\" data-element_type=\"widget\" data-widget_type=\"heading.default\">\n\t\t\t\t<div class=\"elementor-widget-container\">\n\t\t\t\t\t<h2 class=\"elementor-heading-title elementor-size-default\">Privacy policy<\/h2>\t\t\t\t<\/div>\n\t\t\t\t<\/div>\n\t\t\t\t<div class=\"elementor-element elementor-element-d0f9afb elementor-widget elementor-widget-text-editor\" data-id=\"d0f9afb\" data-element_type=\"widget\" data-widget_type=\"text-editor.default\">\n\t\t\t\t<div class=\"elementor-widget-container\">\n\t\t\t\t\t\t\t\t\t<p><span style=\"font-weight: 400;\">\u00a0<\/span><b>\"ANITA FABISIAK\"<\/b><span style=\"font-weight: 400;\"> undertakes to comply with Spanish and European data protection legislation and guarantees full compliance with the obligations set out in the General Data Protection Regulation (RODO) (EU) 2016\/679 of 27 April and the Organic Law 3\/2018 of 5 December on the protection of personal data and the guarantee of digital rights (LOPD and GDD, hereinafter LOPD).<\/span><\/p><p><span style=\"font-weight: 400;\">In accordance with these terms and conditions, we would like to inform you that the use of our website may require you to provide certain personal data via contact forms or by sending an email. This data will be processed by <\/span><b>\"ANITA FABISIAK\"<\/b><span style=\"font-weight: 400;\">, the data controller whose data is:<\/span><\/p><ul><li style=\"font-weight: 400;\" aria-level=\"1\"><span style=\"font-weight: 400;\">Company name: ANITA FABISIAK<\/span><\/li><li style=\"font-weight: 400;\" aria-level=\"1\"><span style=\"font-weight: 400;\">Trade name: ANITA FABISIAK<\/span><\/li><li style=\"font-weight: 400;\" aria-level=\"1\"><span style=\"font-weight: 400;\">CIF number: Y6360533N<\/span><\/li><li style=\"font-weight: 400;\" aria-level=\"1\"><span style=\"font-weight: 400;\">Registered office: C\/ AHMED BEN BASSO, SEVILLE<\/span><\/li><li style=\"font-weight: 400;\" aria-level=\"1\"><span style=\"font-weight: 400;\">Email address: info@anitafabisiak.com<\/span><\/li><\/ul><p>\u00a0<\/p><p><b>Obtaining and processing personal data<\/b><\/p><p><span style=\"font-weight: 400;\">Personal data means any information relating to a person: name, e-mail address, address, telephone number, NIF\/NIS number, etc. In addition, when you visit our website, certain information is automatically stored for technical reasons, such as the IP address assigned by your Internet access provider.<\/span><\/p><p><b>\"ANITA FABISIAK\"<\/b><span style=\"font-weight: 400;\">, as data controller, is obliged to inform the users of its website of the collection of personal data that may take place by sending an e-mail or by filling in forms on the website.<\/span><\/p><p><span style=\"font-weight: 400;\">Only the data necessary to provide the contracted service or respond to the user's information request will be collected. The data collected is of an identifying nature and corresponds to the reasonable minimum to carry out the activity in question. In particular, no sensitive data is collected at any time. Under no circumstances will this data be used for a purpose other than that for which it was collected.<\/span><\/p><p><b>Contact forms\/e-mail<\/b><\/p><p><span style=\"font-weight: 400;\">Purpose: To respond to your request for information sent via our contact form(s).<\/span><\/p><p><span style=\"font-weight: 400;\">Legal basis: The legal basis for processing is the User's consent, which can be revoked at any time.<\/span><\/p><p><span style=\"font-weight: 400;\">Data transmission: Personal data will be processed through servers managed by the <\/span><b>EL HOSTING<\/b><span style=\"font-weight: 400;\">who will be considered Data Processors.<\/span><\/p><p><b>Minors<\/b><\/p><p><span style=\"font-weight: 400;\">Only persons 14 years of age or older may provide personal data on this website. In accordance with the requirements of the LOPD and GDD, in the case of minors under the age of 14, the consent of their parents or guardians is mandatory for us to process their personal data.<\/span><\/p><p><span style=\"font-weight: 400;\">Furthermore, our services may only be used by persons who are at least 18 years of age. In the case of minors under the age of 18, the consent of their parents or legal guardians is mandatory for us to be able to provide the services we offer, unless the minor is independent.<\/span><\/p><p><b>Safety measures<\/b><\/p><p><span style=\"font-weight: 400;\">We would like to inform website users<\/span><b> \"ANITA FABISIAK\"<\/b><span style=\"font-weight: 400;\">that the necessary security measures, both technical and organisational, have been taken to prevent the loss, misuse, alteration, unauthorised access and theft of the data, thus ensuring the confidentiality, integrity and quality of the information contained therein, in accordance with current data protection legislation. The personal data collected in the forms are processed exclusively by the staff of the <\/span><b>\"ANITA FABISIAK\"<\/b><span style=\"font-weight: 400;\"> or designated Processors.<\/span><\/p><p><span style=\"font-weight: 400;\">Website <\/span><b>\"ANITA FABISIAK\"<\/b><span style=\"font-weight: 400;\">also uses SSL encryption, which allows users to submit their personal information securely via contact or registration forms on the website.<\/span><\/p><p><b>Accuracy of data<\/b><\/p><p><span style=\"font-weight: 400;\">The user declares that all data provided by him\/her are true and correct and undertakes to keep them up to date. The user is responsible for the truthfulness of his\/her data and is solely liable for any conflicts or disputes that may arise due to the falsity of such data. It is important that, in order to keep his\/her personal data up to date, the User informs <\/span><b>\"ANITA FABISIAK\"<\/b><span style=\"font-weight: 400;\"> of any change to these data.<\/span><\/p><p><b>Data transfer<\/b><\/p><p><b>\"ANITA FABISIAK\" <\/b><span style=\"font-weight: 400;\">will not transfer or share your data with any third party, except as provided by law or when absolutely necessary for the provision of the service. In particular, data may be transferred to:<\/span><\/p><ul><li style=\"font-weight: 400;\" aria-level=\"1\"><span style=\"font-weight: 400;\">Technology or computer service providers<\/span><\/li><li style=\"font-weight: 400;\" aria-level=\"1\"><span style=\"font-weight: 400;\">Payment service providers<\/span><\/li><li style=\"font-weight: 400;\" aria-level=\"1\"><span style=\"font-weight: 400;\">Courier and parcel companies<\/span><\/li><li style=\"font-weight: 400;\" aria-level=\"1\"><span style=\"font-weight: 400;\">Third parties or intermediaries, acting as service providers, acting on our behalf (management, consultancy, etc.).<\/span><\/li><\/ul><p>\u00a0<\/p><p><span style=\"font-weight: 400;\">Data transfer will be carried out with the utmost confidentiality, using the necessary measures, such as signing confidentiality agreements or complying with the privacy policies set out on the relevant websites. The User may refuse the transfer of his\/her data to the Data Processor by submitting a written request using any of the aforementioned means.<\/span><\/p><p><span style=\"font-weight: 400;\">In addition, if necessary, client data may be transferred to selected agencies in accordance with legal obligations: Spanish Tax Agency, Labour Inspectorate, etc.<\/span><\/p><p><b>Exercise of user rights<\/b><\/p><p><span style=\"font-weight: 400;\">The Data Protection Act (LOPD) and the RODO regulation grant data subjects the right to exercise a number of rights in relation to the processing of their personal data. To do so, the User must provide proof of identity (identity card or passport) by email to <\/span><b>info@anitafabisiak.com<\/b><span style=\"font-weight: 400;\">\u00a0or in writing to the address stated in our Legal Notice. This message must contain the following information: the User's name, the purpose of the request, the address and additional information.<\/span><\/p><p><span style=\"font-weight: 400;\">The exercise of rights shall be carried out by the User personally. However, they may be signed by a person authorised as the User's legal representative upon presentation of documentation confirming such representation.<\/span><\/p><p><span style=\"font-weight: 400;\">The user may request the exercise of the following rights:<\/span><\/p><ul><li style=\"font-weight: 400;\" aria-level=\"1\"><span style=\"font-weight: 400;\">The right to request access to your personal data, i.e. the right to be informed whether your personal data is being processed, for what purpose the processing is being carried out, as well as information about the source of the data and any communications made or planned.<\/span><\/li><li style=\"font-weight: 400;\" aria-level=\"1\"><span style=\"font-weight: 400;\">The right to request rectification if personal data is inaccurate or inaccurate, as well as the deletion of data deemed insufficient or excessive.<\/span><\/li><li style=\"font-weight: 400;\" aria-level=\"1\"><span style=\"font-weight: 400;\">The right to request the restriction of processing, in which case <\/span><b>\"ANITA FABISIAK\"<\/b><span style=\"font-weight: 400;\"> will only store data necessary for the assertion or defence of claims.<\/span><\/li><li style=\"font-weight: 400;\" aria-level=\"1\"><span style=\"font-weight: 400;\">Right to object to processing: refers to the right of the data subject to prevent or stop the processing of his\/her personal data in cases where his\/her consent is not required for the processing, where the files are used for commercial purposes or where the purpose is to make decisions concerning the data subject and is based solely on automated processing of his\/her data, unless the processing is required to continue for legitimate reasons or to assert or defend against potential claims.<\/span><\/li><li style=\"font-weight: 400;\" aria-level=\"1\"><span style=\"font-weight: 400;\">Right to data portability: If you want your data to be processed by another company, <\/span><b>\"ANITA FABISIAK\" <\/b><span style=\"font-weight: 400;\">will enable your data to be transferred in an exportable format.<\/span><\/li><\/ul><p><span style=\"font-weight: 400;\">If your consent has been given for a specific purpose, you have the right to withdraw your consent at any time without affecting the lawfulness of the processing carried out on the basis of your consent prior to its withdrawal.<\/span><\/p><p><span style=\"font-weight: 400;\">We undertake to exercise all of these rights within the maximum time limit provided by law (1 month).<\/span><\/p><p><span style=\"font-weight: 400;\">If the User believes that there is a problem with the way in which the <\/span><b>\"ANITA FABISIAK\"<\/b><span style=\"font-weight: 400;\"> processes his or her data, he or she may address his or her complaint to the Security Supervisor or the competent data protection authority, the competent authority being, in the case of Spain, the Spanish Data Protection Agency.<\/span><\/p><p><b>Data storage<\/b><\/p><p><span style=\"font-weight: 400;\">Personal data of Users using the contact form or sending us an e-mail requesting information will be processed for the time necessary to respond to the request for information or until the consent given is revoked.<\/span><\/p><p><span style=\"font-weight: 400;\">Customers' personal data will be processed until the end of the contractual relationship. The retention period for personal data will be the minimum necessary and may be maintained until:<\/span><\/p><ul><li style=\"font-weight: 400;\" aria-level=\"1\"><span style=\"font-weight: 400;\">4 years: Offences and Sanctions in Social Order Act (obligations regarding affiliation, registration, deregistration, contributions, payment of wages, etc.); Art. 66 et seq. General tax law (accounts...).<\/span><\/li><li style=\"font-weight: 400;\" aria-level=\"1\"><span style=\"font-weight: 400;\">5 years: Art. Civil Code 1964 (personal acts without special term).<\/span><\/li><li style=\"font-weight: 400;\" aria-level=\"1\"><span style=\"font-weight: 400;\">6 years: art. 30 Commercial Code (accounts, invoices, etc.).<\/span><\/li><li style=\"font-weight: 400;\" aria-level=\"1\"><span style=\"font-weight: 400;\">10 years: the Art. 25 of the Anti-Money Laundering and Countering the Financing of Terrorism Act.<\/span><\/li><li style=\"font-weight: 400;\" aria-level=\"1\"><span style=\"font-weight: 400;\">No deadline: data separated and anonymised.<\/span><\/li><\/ul><p>\u00a0<\/p><p><span style=\"font-weight: 400;\">In turn, the data of Users subscribed to the newsletter will be stored indefinitely until the consent given is revoked.<\/span><\/p><p><span style=\"font-weight: 400;\">For the processing of candidate data (CV), <\/span><b>\"ANITA FABISIAK\" <\/b><span style=\"font-weight: 400;\">may keep your CV for a maximum of two years for inclusion in future interviews, unless the candidate decides otherwise.<\/span><\/p><p><b>Social networks<\/b><\/p><p><b>\"ANITA FABISIAK\"<\/b><span style=\"font-weight: 400;\"> has a profile on some of the main social networks on the Internet, recognising in all cases the person responsible for the processing of the data of its observers, fans, subscribers, commenters and other User profiles (hereinafter referred to as observers) published by \"ANITA FABISIAK\".<\/span><\/p><p><span style=\"font-weight: 400;\">The purpose of data processing by <\/span><b>\"ANITA FABISIAK\"<\/b><span style=\"font-weight: 400;\">, unless prohibited by law, will be to inform its observers of its activities and offers, using any means permitted by the social network, and to provide personalised customer service. The legal basis for the processing will be the consent of the person concerned, which can be revoked at any time.<\/span><\/p><p><span style=\"font-weight: 400;\">Under no circumstances <\/span><b>\"ANITA FABISIAK\" <\/b><span style=\"font-weight: 400;\">will not collect data from social networks unless the User has given explicit and specific consent to do so (e.g. for the purpose of running a competition).<\/span><\/p><p><b>Selection of personnel<\/b><\/p><p><span style=\"font-weight: 400;\">A candidate who sends electronic communications to <\/span><b>\"ANITA FABISIAK\"<\/b><span style=\"font-weight: 400;\">, in order to access the personnel selection processes of the person in charge, authorises us to analyse the documents submitted (for example, CVs), all the content that can be directly accessed through search engines (for example, Google), the profiles he or she maintains on professional social networks (for example, LinkedIn), the data he or she obtains at pre-testing and the information he or she discloses at interview, in order to assess his or her candidacy and the possibility, if applicable, of offering him or her a job. If the candidate is not selected, <\/span><b>\"ANITA FABISIAK\" <\/b><span style=\"font-weight: 400;\">may keep his\/her CV. for a maximum period of two years, which will be taken into account for future recruitments, unless the candidate states otherwise. The legal basis for the processing is the consent of the data subject, which can be revoked at any time.<\/span><\/p><p><b>Confidentiality<\/b><\/p><p><span style=\"font-weight: 400;\">The information provided by the User will in any case be considered confidential and may not be used for any purpose other than that described herein. <\/span><b>\"ANITA FABISIAK\"<\/b><span style=\"font-weight: 400;\"> undertakes not to disclose or divulge information about the User's claims, the reasons for the advice requested or the duration of the relationship with the User.<\/span><\/p><p><b>Validity<\/b><\/p><p><span style=\"font-weight: 400;\">This privacy and data protection policy has been drawn up <\/span><b>12 May 2025<\/b><span style=\"font-weight: 400;\"> r. It is subject to change due to changes in legislation and case law. It is the data subject's responsibility to read the updated document in order to understand their rights and obligations at all times<\/span><\/p>\t\t\t\t\t\t\t\t<\/div>\n\t\t\t\t<\/div>\n\t\t\t\t\t<\/div>\n\t\t\t\t<\/div>\n\t\t\t\t<\/div>","protected":false},"excerpt":{"rendered":"<p>Polityka prywatno\u015bci \u00a0\u201cANITA FABISIAK\u201d zobowi\u0105zuje si\u0119 do przestrzegania hiszpa\u0144skich i europejskich przepis\u00f3w dotycz\u0105cych ochrony danych osobowych i gwarantuje pe\u0142ne przestrzeganie zobowi\u0105za\u0144 okre\u015blonych w rozporz\u0105dzeniu og\u00f3lnym o ochronie danych (RODO) (UE) 2016\/679 z dnia 27 kwietnia oraz w ustawie organicznej 3\/2018 z dnia 5 grudnia o ochronie danych osobowych i gwarancji praw cyfrowych (LOPD i GDD, [&hellip;]<\/p>","protected":false},"author":2,"featured_media":0,"parent":0,"menu_order":0,"comment_status":"closed","ping_status":"closed","template":"","meta":{"footnotes":""},"class_list":["post-1351","page","type-page","status-publish","hentry"],"yoast_head":"<!-- This site is optimized with the Yoast SEO plugin v25.7 - https:\/\/yoast.com\/wordpress\/plugins\/seo\/ -->\n<title>Polityka prywatno\u015bci - Anita Fabisiak<\/title>\n<meta name=\"robots\" content=\"index, follow, max-snippet:-1, max-image-preview:large, max-video-preview:-1\" \/>\n<link rel=\"canonical\" href=\"https:\/\/anitafabisiak.com\/en\/polityka-prywatnosci\/\" \/>\n<meta property=\"og:locale\" content=\"en_GB\" \/>\n<meta property=\"og:type\" content=\"article\" \/>\n<meta property=\"og:title\" content=\"Polityka prywatno\u015bci - Anita Fabisiak\" \/>\n<meta property=\"og:description\" content=\"Polityka prywatno\u015bci \u00a0\u201cANITA FABISIAK\u201d zobowi\u0105zuje si\u0119 do przestrzegania hiszpa\u0144skich i europejskich przepis\u00f3w dotycz\u0105cych ochrony danych osobowych i gwarantuje pe\u0142ne przestrzeganie zobowi\u0105za\u0144 okre\u015blonych w rozporz\u0105dzeniu og\u00f3lnym o ochronie danych (RODO) (UE) 2016\/679 z dnia 27 kwietnia oraz w ustawie organicznej 3\/2018 z dnia 5 grudnia o ochronie danych osobowych i gwarancji praw cyfrowych (LOPD i GDD, [&hellip;]\" \/>\n<meta property=\"og:url\" content=\"https:\/\/anitafabisiak.com\/en\/polityka-prywatnosci\/\" \/>\n<meta property=\"og:site_name\" content=\"Anita Fabisiak\" \/>\n<meta property=\"article:modified_time\" content=\"2025-05-13T11:49:00+00:00\" \/>\n<meta name=\"twitter:card\" content=\"summary_large_image\" \/>\n<meta name=\"twitter:label1\" content=\"Estimated reading time\" \/>\n\t<meta name=\"twitter:data1\" content=\"9 minutes\" \/>\n<script type=\"application\/ld+json\" class=\"yoast-schema-graph\">{\"@context\":\"https:\/\/schema.org\",\"@graph\":[{\"@type\":\"WebPage\",\"@id\":\"https:\/\/anitafabisiak.com\/polityka-prywatnosci\/\",\"url\":\"https:\/\/anitafabisiak.com\/polityka-prywatnosci\/\",\"name\":\"Polityka prywatno\u015bci - Anita Fabisiak\",\"isPartOf\":{\"@id\":\"https:\/\/anitafabisiak.com\/#website\"},\"datePublished\":\"2025-05-08T14:45:17+00:00\",\"dateModified\":\"2025-05-13T11:49:00+00:00\",\"breadcrumb\":{\"@id\":\"https:\/\/anitafabisiak.com\/polityka-prywatnosci\/#breadcrumb\"},\"inLanguage\":\"en-GB\",\"potentialAction\":[{\"@type\":\"ReadAction\",\"target\":[\"https:\/\/anitafabisiak.com\/polityka-prywatnosci\/\"]}]},{\"@type\":\"BreadcrumbList\",\"@id\":\"https:\/\/anitafabisiak.com\/polityka-prywatnosci\/#breadcrumb\",\"itemListElement\":[{\"@type\":\"ListItem\",\"position\":1,\"name\":\"Portada\",\"item\":\"https:\/\/anitafabisiak.com\/\"},{\"@type\":\"ListItem\",\"position\":2,\"name\":\"Polityka prywatno\u015bci\"}]},{\"@type\":\"WebSite\",\"@id\":\"https:\/\/anitafabisiak.com\/#website\",\"url\":\"https:\/\/anitafabisiak.com\/\",\"name\":\"Anita Fabisiak\",\"description\":\"Wycieczki po Andaluzji w j\u0119zyku polskim\",\"publisher\":{\"@id\":\"https:\/\/anitafabisiak.com\/#organization\"},\"potentialAction\":[{\"@type\":\"SearchAction\",\"target\":{\"@type\":\"EntryPoint\",\"urlTemplate\":\"https:\/\/anitafabisiak.com\/?s={search_term_string}\"},\"query-input\":{\"@type\":\"PropertyValueSpecification\",\"valueRequired\":true,\"valueName\":\"search_term_string\"}}],\"inLanguage\":\"en-GB\"},{\"@type\":\"Organization\",\"@id\":\"https:\/\/anitafabisiak.com\/#organization\",\"name\":\"Anita Fabisiak\",\"url\":\"https:\/\/anitafabisiak.com\/\",\"logo\":{\"@type\":\"ImageObject\",\"inLanguage\":\"en-GB\",\"@id\":\"https:\/\/anitafabisiak.com\/#\/schema\/logo\/image\/\",\"url\":\"https:\/\/anitafabisiak.com\/wp-content\/uploads\/2025\/05\/Recurso-6@3x.png\",\"contentUrl\":\"https:\/\/anitafabisiak.com\/wp-content\/uploads\/2025\/05\/Recurso-6@3x.png\",\"width\":2084,\"height\":1557,\"caption\":\"Anita Fabisiak\"},\"image\":{\"@id\":\"https:\/\/anitafabisiak.com\/#\/schema\/logo\/image\/\"}}]}<\/script>\n<!-- \/ Yoast SEO plugin. -->","yoast_head_json":{"title":"Polityka prywatno\u015bci - Anita Fabisiak","robots":{"index":"index","follow":"follow","max-snippet":"max-snippet:-1","max-image-preview":"max-image-preview:large","max-video-preview":"max-video-preview:-1"},"canonical":"https:\/\/anitafabisiak.com\/en\/polityka-prywatnosci\/","og_locale":"en_GB","og_type":"article","og_title":"Polityka prywatno\u015bci - Anita Fabisiak","og_description":"Polityka prywatno\u015bci \u00a0\u201cANITA FABISIAK\u201d zobowi\u0105zuje si\u0119 do przestrzegania hiszpa\u0144skich i europejskich przepis\u00f3w dotycz\u0105cych ochrony danych osobowych i gwarantuje pe\u0142ne przestrzeganie zobowi\u0105za\u0144 okre\u015blonych w rozporz\u0105dzeniu og\u00f3lnym o ochronie danych (RODO) (UE) 2016\/679 z dnia 27 kwietnia oraz w ustawie organicznej 3\/2018 z dnia 5 grudnia o ochronie danych osobowych i gwarancji praw cyfrowych (LOPD i GDD, [&hellip;]","og_url":"https:\/\/anitafabisiak.com\/en\/polityka-prywatnosci\/","og_site_name":"Anita Fabisiak","article_modified_time":"2025-05-13T11:49:00+00:00","twitter_card":"summary_large_image","twitter_misc":{"Estimated reading time":"9 minutes"},"schema":{"@context":"https:\/\/schema.org","@graph":[{"@type":"WebPage","@id":"https:\/\/anitafabisiak.com\/polityka-prywatnosci\/","url":"https:\/\/anitafabisiak.com\/polityka-prywatnosci\/","name":"Polityka prywatno\u015bci - Anita Fabisiak","isPartOf":{"@id":"https:\/\/anitafabisiak.com\/#website"},"datePublished":"2025-05-08T14:45:17+00:00","dateModified":"2025-05-13T11:49:00+00:00","breadcrumb":{"@id":"https:\/\/anitafabisiak.com\/polityka-prywatnosci\/#breadcrumb"},"inLanguage":"en-GB","potentialAction":[{"@type":"ReadAction","target":["https:\/\/anitafabisiak.com\/polityka-prywatnosci\/"]}]},{"@type":"BreadcrumbList","@id":"https:\/\/anitafabisiak.com\/polityka-prywatnosci\/#breadcrumb","itemListElement":[{"@type":"ListItem","position":1,"name":"Portada","item":"https:\/\/anitafabisiak.com\/"},{"@type":"ListItem","position":2,"name":"Polityka prywatno\u015bci"}]},{"@type":"WebSite","@id":"https:\/\/anitafabisiak.com\/#website","url":"https:\/\/anitafabisiak.com\/","name":"Anita Fabisiak","description":"Tours of Andalusia in Polish","publisher":{"@id":"https:\/\/anitafabisiak.com\/#organization"},"potentialAction":[{"@type":"SearchAction","target":{"@type":"EntryPoint","urlTemplate":"https:\/\/anitafabisiak.com\/?s={search_term_string}"},"query-input":{"@type":"PropertyValueSpecification","valueRequired":true,"valueName":"search_term_string"}}],"inLanguage":"en-GB"},{"@type":"Organization","@id":"https:\/\/anitafabisiak.com\/#organization","name":"Anita Fabisiak","url":"https:\/\/anitafabisiak.com\/","logo":{"@type":"ImageObject","inLanguage":"en-GB","@id":"https:\/\/anitafabisiak.com\/#\/schema\/logo\/image\/","url":"https:\/\/anitafabisiak.com\/wp-content\/uploads\/2025\/05\/Recurso-6@3x.png","contentUrl":"https:\/\/anitafabisiak.com\/wp-content\/uploads\/2025\/05\/Recurso-6@3x.png","width":2084,"height":1557,"caption":"Anita Fabisiak"},"image":{"@id":"https:\/\/anitafabisiak.com\/#\/schema\/logo\/image\/"}}]}},"_links":{"self":[{"href":"https:\/\/anitafabisiak.com\/en\/wp-json\/wp\/v2\/pages\/1351","targetHints":{"allow":["GET"]}}],"collection":[{"href":"https:\/\/anitafabisiak.com\/en\/wp-json\/wp\/v2\/pages"}],"about":[{"href":"https:\/\/anitafabisiak.com\/en\/wp-json\/wp\/v2\/types\/page"}],"author":[{"embeddable":true,"href":"https:\/\/anitafabisiak.com\/en\/wp-json\/wp\/v2\/users\/2"}],"replies":[{"embeddable":true,"href":"https:\/\/anitafabisiak.com\/en\/wp-json\/wp\/v2\/comments?post=1351"}],"version-history":[{"count":19,"href":"https:\/\/anitafabisiak.com\/en\/wp-json\/wp\/v2\/pages\/1351\/revisions"}],"predecessor-version":[{"id":2043,"href":"https:\/\/anitafabisiak.com\/en\/wp-json\/wp\/v2\/pages\/1351\/revisions\/2043"}],"wp:attachment":[{"href":"https:\/\/anitafabisiak.com\/en\/wp-json\/wp\/v2\/media?parent=1351"}],"curies":[{"name":"wp","href":"https:\/\/api.w.org\/{rel}","templated":true}]}}